{"id":3370,"date":"2025-11-30T12:51:09","date_gmt":"2025-11-30T12:51:09","guid":{"rendered":"https:\/\/sinergos.org\/?page_id=3370"},"modified":"2025-11-30T12:55:35","modified_gmt":"2025-11-30T12:55:35","slug":"el-consorcio-de-ong-hace-un-llamamiento-a-la-comunidad-internacional-para-responder-a-la-crisis-humanitaria-de-la-poblacion-refugiada-saharaui","status":"publish","type":"page","link":"https:\/\/sinergos.org\/index.php\/el-consorcio-de-ong-hace-un-llamamiento-a-la-comunidad-internacional-para-responder-a-la-crisis-humanitaria-de-la-poblacion-refugiada-saharaui\/","title":{"rendered":"El Consorcio de ONG hace un llamamiento a la comunidad internacional para responder a la crisis humanitaria de la poblaci\u00f3n refugiada\u00a0saharaui"},"content":{"rendered":"\t\t<div data-elementor-type=\"wp-page\" data-elementor-id=\"3370\" class=\"elementor elementor-3370\">\n\t\t\t\t\t\t<section class=\"elementor-section elementor-top-section elementor-element elementor-element-d02da00 elementor-section-boxed elementor-section-height-default elementor-section-height-default\" data-id=\"d02da00\" data-element_type=\"section\" data-e-type=\"section\">\n\t\t\t\t\t\t<div class=\"elementor-container elementor-column-gap-default\">\n\t\t\t\t\t<div class=\"elementor-column elementor-col-100 elementor-top-column elementor-element elementor-element-48ab2c1\" data-id=\"48ab2c1\" data-element_type=\"column\" data-e-type=\"column\">\n\t\t\t<div class=\"elementor-widget-wrap elementor-element-populated\">\n\t\t\t\t\t\t<div class=\"elementor-element elementor-element-3e02226 elementor-widget elementor-widget-spacer\" data-id=\"3e02226\" data-element_type=\"widget\" data-e-type=\"widget\" data-widget_type=\"spacer.default\">\n\t\t\t\t<div class=\"elementor-widget-container\">\n\t\t\t\t\t\t\t<div class=\"elementor-spacer\">\n\t\t\t<div class=\"elementor-spacer-inner\"><\/div>\n\t\t<\/div>\n\t\t\t\t\t\t<\/div>\n\t\t\t\t<\/div>\n\t\t\t\t\t<\/div>\n\t\t<\/div>\n\t\t\t\t\t<\/div>\n\t\t<\/section>\n\t\t\t\t<section class=\"elementor-section elementor-top-section elementor-element elementor-element-aa9f1c0 elementor-section-boxed elementor-section-height-default elementor-section-height-default\" data-id=\"aa9f1c0\" data-element_type=\"section\" data-e-type=\"section\">\n\t\t\t\t\t\t<div class=\"elementor-container elementor-column-gap-default\">\n\t\t\t\t\t<div class=\"elementor-column elementor-col-100 elementor-top-column elementor-element elementor-element-6e7dffa\" data-id=\"6e7dffa\" data-element_type=\"column\" data-e-type=\"column\">\n\t\t\t<div class=\"elementor-widget-wrap elementor-element-populated\">\n\t\t\t\t\t\t<div class=\"elementor-element elementor-element-74ef9b0 elementor-widget elementor-widget-heading\" data-id=\"74ef9b0\" data-element_type=\"widget\" data-e-type=\"widget\" data-widget_type=\"heading.default\">\n\t\t\t\t<div class=\"elementor-widget-container\">\n\t\t\t\t\t<h2 class=\"elementor-heading-title elementor-size-large\">(30\/11\/2025)<\/h2>\t\t\t\t<\/div>\n\t\t\t\t<\/div>\n\t\t\t\t\t<\/div>\n\t\t<\/div>\n\t\t\t\t\t<\/div>\n\t\t<\/section>\n\t\t\t\t<section class=\"elementor-section elementor-top-section elementor-element elementor-element-bc2aeb4 elementor-section-boxed elementor-section-height-default elementor-section-height-default\" data-id=\"bc2aeb4\" data-element_type=\"section\" data-e-type=\"section\" id=\"club_lectura_los_santos\">\n\t\t\t\t\t\t<div class=\"elementor-container elementor-column-gap-default\">\n\t\t\t\t\t<div class=\"elementor-column elementor-col-100 elementor-top-column elementor-element elementor-element-8188860\" data-id=\"8188860\" data-element_type=\"column\" data-e-type=\"column\">\n\t\t\t<div class=\"elementor-widget-wrap elementor-element-populated\">\n\t\t\t\t\t\t<div class=\"elementor-element elementor-element-419a3ef elementor-widget elementor-widget-heading\" data-id=\"419a3ef\" data-element_type=\"widget\" data-e-type=\"widget\" data-widget_type=\"heading.default\">\n\t\t\t\t<div class=\"elementor-widget-container\">\n\t\t\t\t\t<h1 class=\"elementor-heading-title elementor-size-xl\">El Consorcio de ONG hace un llamamiento a la comunidad internacional para responder a la crisis humanitaria de la poblaci\u00f3n refugiada&nbsp;saharaui<\/h1>\t\t\t\t<\/div>\n\t\t\t\t<\/div>\n\t\t\t\t\t<\/div>\n\t\t<\/div>\n\t\t\t\t\t<\/div>\n\t\t<\/section>\n\t\t\t\t<section class=\"elementor-section elementor-top-section elementor-element elementor-element-b6e3df0 elementor-section-boxed elementor-section-height-default elementor-section-height-default\" data-id=\"b6e3df0\" data-element_type=\"section\" data-e-type=\"section\">\n\t\t\t\t\t\t<div class=\"elementor-container elementor-column-gap-default\">\n\t\t\t\t\t<div class=\"elementor-column elementor-col-100 elementor-top-column elementor-element elementor-element-82fffea\" data-id=\"82fffea\" data-element_type=\"column\" data-e-type=\"column\">\n\t\t\t<div class=\"elementor-widget-wrap elementor-element-populated\">\n\t\t\t\t\t\t<div class=\"elementor-element elementor-element-dac1cf9 elementor-widget elementor-widget-spacer\" data-id=\"dac1cf9\" data-element_type=\"widget\" data-e-type=\"widget\" data-widget_type=\"spacer.default\">\n\t\t\t\t<div class=\"elementor-widget-container\">\n\t\t\t\t\t\t\t<div class=\"elementor-spacer\">\n\t\t\t<div class=\"elementor-spacer-inner\"><\/div>\n\t\t<\/div>\n\t\t\t\t\t\t<\/div>\n\t\t\t\t<\/div>\n\t\t\t\t\t<\/div>\n\t\t<\/div>\n\t\t\t\t\t<\/div>\n\t\t<\/section>\n\t\t\t\t<section class=\"elementor-section elementor-top-section elementor-element elementor-element-443fbc3 elementor-section-boxed elementor-section-height-default elementor-section-height-default\" data-id=\"443fbc3\" data-element_type=\"section\" data-e-type=\"section\">\n\t\t\t\t\t\t<div class=\"elementor-container elementor-column-gap-default\">\n\t\t\t\t\t<div class=\"elementor-column elementor-col-100 elementor-top-column elementor-element elementor-element-98c0475\" data-id=\"98c0475\" data-element_type=\"column\" data-e-type=\"column\">\n\t\t\t<div class=\"elementor-widget-wrap elementor-element-populated\">\n\t\t\t\t\t\t<div class=\"elementor-element elementor-element-510a386 elementor-widget__width-initial elementor-widget elementor-widget-text-editor\" data-id=\"510a386\" data-element_type=\"widget\" data-e-type=\"widget\" data-widget_type=\"text-editor.default\">\n\t\t\t\t<div class=\"elementor-widget-container\">\n\t\t\t\t\t\t\t\t\t<p><strong>El Consorcio de ONG que opera en los campamentos de personas refugiadas saharauis llama a la comunidad internacional a movilizar todos los recursos financieros necesarios para responder a una fuerte crisis humanitaria en los campamentos de Tinduf, antes de que los da\u00f1os sean irreparables.<\/strong><\/p><p>El Consorcio de ONG que opera en los campamentos de poblaci\u00f3n refugiada saharaui, conformado por 19 organizaciones que trabajan permanentemente sobre el terreno, ha hecho un llamado a la movilizaci\u00f3n despu\u00e9s de que ACNUR presentara hoy en Argel el Plan de Respuesta para los Refugiados Saharauis (SRRP 2026\u20132027), que determina la estrategia humanitaria para los pr\u00f3ximos dos a\u00f1os y establece las necesidades de financiaci\u00f3n por sectores. Durante la presentaci\u00f3n denunciaron que, tras m\u00e1s de cinco d\u00e9cadas de crisis, sigue siendo una de las m\u00e1s prolongadas y desfinanciadas del mundo.<\/p><p><strong>Los campamentos, una realidad cr\u00f3nica<\/strong><\/p><p>Desde 1975, m\u00e1s de 173.600 personas refugiadas saharauis sobreviven en los campamentos de Tindouf, en mitad del desierto argelino. Un entorno extremadamente hostil, donde las estructuras fueron concebidas para durar d\u00edas, no d\u00e9cadas. Lo que empez\u00f3 como una emergencia temporal se ha convertido en una realidad cr\u00f3nica, normalizada por la comunidad internacional y, con demasiada frecuencia, ignorada.<\/p><p>La supervivencia de las personas refugiadas saharauis ha sido posible gracias al trabajo continuo durante d\u00e9cadas de m\u00faltiples organizaciones humanitarias que, en coordinaci\u00f3n con las instituciones saharauis, se han desplegado sobre el terreno y han permitido el acceso a servicios esenciales como salud, agua, nutrici\u00f3n, educaci\u00f3n, protecci\u00f3n y medios de vida.<\/p><p>El Consorci\u00f3 destac\u00f3 que estos sectores brindan sus servicios a trav\u00e9s de miles de personas voluntarias refugiadas, pero que la grave falta de financiaci\u00f3n y los altos niveles de vulnerabilidad afectar\u00e1n su contribuci\u00f3n indispensable.<\/p><p>\u201cDesde el Consorcio queremos alertar con urgencia del grave deterioro sistem\u00e1tico de sectores b\u00e1sicos que garantizan la supervivencia de la poblaci\u00f3n saharaui. En estos momentos, nos enfrentamos a una situaci\u00f3n de recortes sin precedentes, hablamos de una reducci\u00f3n de hasta un 40% de la ayuda humanitaria destinada a campamentos saharauis \u201d, explicaron durante la presentaci\u00f3n del Plan de Respuesta SRRP 2026\u20132027.<\/p><p>Este recorte est\u00e1 teniendo un impacto directo en la capacidad operativa de las ONG y genera desaf\u00edos enormes sobre el terreno. Los actores humanitarios advierten que ya se observan efectos inmediatos en indicadores clave, como revelan las altas tasas de desnutrici\u00f3n infantil registradas en la \u00faltima encuesta nutricional.<\/p><p>La ayuda actual no cubre ni lo esencial. La operaci\u00f3n humanitaria ha dejado de poder fortalecer sistemas o ampliar servicios y se limita a sostener lo m\u00ednimo, un m\u00ednimo que est\u00e1 en riesgo de colapso. La situaci\u00f3n es extrema: actividades esenciales como la distribuci\u00f3n de agua no cuentan con financiaci\u00f3n para 2026, lo que puede generar consecuencias devastadoras.<\/p><p><strong>\u201cNo hablamos de mejorar: hablamos de evitar el colapso\u201d<\/strong><\/p><p>\u201cLa falta de financiaci\u00f3n no solo reduce servicios; multiplica desigualdades, erosiona capacidades y pone en riesgo la vida. No hablamos de mejorar la capacidad de respuesta, hablamos de evitar el colapso de la operaci\u00f3n humanitaria en campamentos saharauis. Si la tendencia actual contin\u00faa y no se restablece de manera urgente el flujo de recursos necesarios, no podremos garantizar la continuidad de sectores b\u00e1sicos para la protecci\u00f3n de las personas refugiadas saharauis\u201d, advirti\u00f3 el grupo\u00a0humanitario.<\/p><div>\u00a0<\/div><div><span style=\"font-size: 12pt; font-family: Aptos; color: #000000; background-color: transparent; font-variant-numeric: normal; font-variant-east-asian: normal; font-variant-alternates: normal; font-variant-position: normal; vertical-align: baseline; white-space-collapse: preserve;\">\u00a0<\/span><\/div>\t\t\t\t\t\t\t\t<\/div>\n\t\t\t\t<\/div>\n\t\t\t\t\t<\/div>\n\t\t<\/div>\n\t\t\t\t\t<\/div>\n\t\t<\/section>\n\t\t\t\t<section class=\"elementor-section elementor-top-section elementor-element elementor-element-a65f876 elementor-section-boxed elementor-section-height-default elementor-section-height-default\" data-id=\"a65f876\" data-element_type=\"section\" data-e-type=\"section\">\n\t\t\t\t\t\t<div class=\"elementor-container elementor-column-gap-default\">\n\t\t\t\t\t<div class=\"elementor-column elementor-col-50 elementor-top-column elementor-element elementor-element-a42fc1c\" data-id=\"a42fc1c\" data-element_type=\"column\" data-e-type=\"column\">\n\t\t\t<div class=\"elementor-widget-wrap elementor-element-populated\">\n\t\t\t\t\t\t<div class=\"elementor-element elementor-element-5192d30 elementor-widget elementor-widget-image\" data-id=\"5192d30\" data-element_type=\"widget\" data-e-type=\"widget\" data-widget_type=\"image.default\">\n\t\t\t\t<div class=\"elementor-widget-container\">\n\t\t\t\t\t\t\t\t\t\t\t\t\t\t\t<img fetchpriority=\"high\" decoding=\"async\" width=\"1024\" height=\"768\" src=\"https:\/\/sinergos.org\/wp-content\/uploads\/2025\/11\/Imagen-de-WhatsApp-2025-11-30-a-las-12.57.10_beccc654.jpg\" class=\"attachment-large size-large wp-image-3372\" alt=\"\" srcset=\"https:\/\/sinergos.org\/wp-content\/uploads\/2025\/11\/Imagen-de-WhatsApp-2025-11-30-a-las-12.57.10_beccc654.jpg 1024w, https:\/\/sinergos.org\/wp-content\/uploads\/2025\/11\/Imagen-de-WhatsApp-2025-11-30-a-las-12.57.10_beccc654-300x225.jpg 300w, https:\/\/sinergos.org\/wp-content\/uploads\/2025\/11\/Imagen-de-WhatsApp-2025-11-30-a-las-12.57.10_beccc654-768x576.jpg 768w\" sizes=\"(max-width: 1024px) 100vw, 1024px\" \/>\t\t\t\t\t\t\t\t\t\t\t\t\t\t\t<\/div>\n\t\t\t\t<\/div>\n\t\t\t\t<div class=\"elementor-element elementor-element-7f3d776 elementor-widget elementor-widget-spacer\" data-id=\"7f3d776\" data-element_type=\"widget\" data-e-type=\"widget\" data-widget_type=\"spacer.default\">\n\t\t\t\t<div class=\"elementor-widget-container\">\n\t\t\t\t\t\t\t<div class=\"elementor-spacer\">\n\t\t\t<div class=\"elementor-spacer-inner\"><\/div>\n\t\t<\/div>\n\t\t\t\t\t\t<\/div>\n\t\t\t\t<\/div>\n\t\t\t\t\t<\/div>\n\t\t<\/div>\n\t\t\t\t<div class=\"elementor-column elementor-col-50 elementor-top-column elementor-element elementor-element-d3e5b9d\" data-id=\"d3e5b9d\" data-element_type=\"column\" data-e-type=\"column\">\n\t\t\t<div class=\"elementor-widget-wrap elementor-element-populated\">\n\t\t\t\t\t\t<div class=\"elementor-element elementor-element-41a3076 elementor-widget elementor-widget-image\" data-id=\"41a3076\" data-element_type=\"widget\" data-e-type=\"widget\" data-widget_type=\"image.default\">\n\t\t\t\t<div class=\"elementor-widget-container\">\n\t\t\t\t\t\t\t\t\t\t\t\t\t\t\t<img decoding=\"async\" width=\"1024\" height=\"768\" src=\"https:\/\/sinergos.org\/wp-content\/uploads\/2025\/11\/Imagen-de-WhatsApp-2025-11-30-a-las-12.57.10_ea5fe5f6-1024x768.jpg\" class=\"attachment-large size-large wp-image-3373\" alt=\"\" srcset=\"https:\/\/sinergos.org\/wp-content\/uploads\/2025\/11\/Imagen-de-WhatsApp-2025-11-30-a-las-12.57.10_ea5fe5f6-1024x768.jpg 1024w, https:\/\/sinergos.org\/wp-content\/uploads\/2025\/11\/Imagen-de-WhatsApp-2025-11-30-a-las-12.57.10_ea5fe5f6-300x225.jpg 300w, https:\/\/sinergos.org\/wp-content\/uploads\/2025\/11\/Imagen-de-WhatsApp-2025-11-30-a-las-12.57.10_ea5fe5f6-768x576.jpg 768w, https:\/\/sinergos.org\/wp-content\/uploads\/2025\/11\/Imagen-de-WhatsApp-2025-11-30-a-las-12.57.10_ea5fe5f6.jpg 1320w\" sizes=\"(max-width: 1024px) 100vw, 1024px\" \/>\t\t\t\t\t\t\t\t\t\t\t\t\t\t\t<\/div>\n\t\t\t\t<\/div>\n\t\t\t\t<div class=\"elementor-element elementor-element-68e4f9f elementor-widget elementor-widget-spacer\" data-id=\"68e4f9f\" data-element_type=\"widget\" data-e-type=\"widget\" data-widget_type=\"spacer.default\">\n\t\t\t\t<div class=\"elementor-widget-container\">\n\t\t\t\t\t\t\t<div class=\"elementor-spacer\">\n\t\t\t<div class=\"elementor-spacer-inner\"><\/div>\n\t\t<\/div>\n\t\t\t\t\t\t<\/div>\n\t\t\t\t<\/div>\n\t\t\t\t\t<\/div>\n\t\t<\/div>\n\t\t\t\t\t<\/div>\n\t\t<\/section>\n\t\t\t\t<section class=\"elementor-section elementor-top-section elementor-element elementor-element-96753db elementor-section-boxed elementor-section-height-default elementor-section-height-default\" data-id=\"96753db\" data-element_type=\"section\" data-e-type=\"section\">\n\t\t\t\t\t\t<div class=\"elementor-container elementor-column-gap-default\">\n\t\t\t\t\t<div class=\"elementor-column elementor-col-100 elementor-top-column elementor-element elementor-element-982c25a\" data-id=\"982c25a\" data-element_type=\"column\" data-e-type=\"column\">\n\t\t\t<div class=\"elementor-widget-wrap elementor-element-populated\">\n\t\t\t\t\t\t<div class=\"elementor-element elementor-element-410bf3c elementor-shape-circle elementor-grid-0 e-grid-align-center elementor-widget elementor-widget-social-icons\" data-id=\"410bf3c\" data-element_type=\"widget\" data-e-type=\"widget\" data-widget_type=\"social-icons.default\">\n\t\t\t\t<div class=\"elementor-widget-container\">\n\t\t\t\t\t\t\t<div class=\"elementor-social-icons-wrapper elementor-grid\" role=\"list\">\n\t\t\t\t\t\t\t<span class=\"elementor-grid-item\" role=\"listitem\">\n\t\t\t\t\t<a class=\"elementor-icon elementor-social-icon elementor-social-icon-instagram elementor-animation-grow elementor-repeater-item-728e522\" href=\"https:\/\/www.instagram.com\/ongdsinergos\/\" target=\"_blank\">\n\t\t\t\t\t\t<span class=\"elementor-screen-only\">Instagram<\/span>\n\t\t\t\t\t\t<i aria-hidden=\"true\" class=\"fab fa-instagram\"><\/i>\t\t\t\t\t<\/a>\n\t\t\t\t<\/span>\n\t\t\t\t\t\t\t<span class=\"elementor-grid-item\" role=\"listitem\">\n\t\t\t\t\t<a class=\"elementor-icon elementor-social-icon elementor-social-icon-facebook elementor-animation-grow elementor-repeater-item-f30516b\" href=\"https:\/\/www.facebook.com\/ONGDSinergos\/\" target=\"_blank\">\n\t\t\t\t\t\t<span class=\"elementor-screen-only\">Facebook<\/span>\n\t\t\t\t\t\t<i aria-hidden=\"true\" class=\"fab fa-facebook\"><\/i>\t\t\t\t\t<\/a>\n\t\t\t\t<\/span>\n\t\t\t\t\t\t\t<span class=\"elementor-grid-item\" role=\"listitem\">\n\t\t\t\t\t<a class=\"elementor-icon elementor-social-icon elementor-social-icon-twitter elementor-animation-grow elementor-repeater-item-8764f20\" href=\"https:\/\/twitter.com\/dsinergos\" target=\"_blank\">\n\t\t\t\t\t\t<span class=\"elementor-screen-only\">Twitter<\/span>\n\t\t\t\t\t\t<i aria-hidden=\"true\" class=\"fab fa-twitter\"><\/i>\t\t\t\t\t<\/a>\n\t\t\t\t<\/span>\n\t\t\t\t\t<\/div>\n\t\t\t\t\t\t<\/div>\n\t\t\t\t<\/div>\n\t\t\t\t\t<\/div>\n\t\t<\/div>\n\t\t\t\t\t<\/div>\n\t\t<\/section>\n\t\t\t\t<section class=\"elementor-section elementor-top-section elementor-element elementor-element-acc670e elementor-section-boxed elementor-section-height-default elementor-section-height-default\" data-id=\"acc670e\" data-element_type=\"section\" data-e-type=\"section\">\n\t\t\t\t\t\t<div class=\"elementor-container elementor-column-gap-default\">\n\t\t\t\t\t<div class=\"elementor-column elementor-col-100 elementor-top-column elementor-element elementor-element-34364a3\" data-id=\"34364a3\" data-element_type=\"column\" data-e-type=\"column\">\n\t\t\t<div class=\"elementor-widget-wrap elementor-element-populated\">\n\t\t\t\t\t\t<div class=\"elementor-element elementor-element-b0524d3 elementor-widget elementor-widget-spacer\" data-id=\"b0524d3\" data-element_type=\"widget\" data-e-type=\"widget\" data-widget_type=\"spacer.default\">\n\t\t\t\t<div class=\"elementor-widget-container\">\n\t\t\t\t\t\t\t<div class=\"elementor-spacer\">\n\t\t\t<div class=\"elementor-spacer-inner\"><\/div>\n\t\t<\/div>\n\t\t\t\t\t\t<\/div>\n\t\t\t\t<\/div>\n\t\t\t\t\t<\/div>\n\t\t<\/div>\n\t\t\t\t\t<\/div>\n\t\t<\/section>\n\t\t\t\t<section class=\"elementor-section elementor-top-section elementor-element elementor-element-d89d6ae elementor-section-full_width elementor-section-height-default elementor-section-height-default\" data-id=\"d89d6ae\" data-element_type=\"section\" data-e-type=\"section\">\n\t\t\t\t\t\t<div class=\"elementor-container elementor-column-gap-default\">\n\t\t\t\t\t<div class=\"elementor-column elementor-col-100 elementor-top-column elementor-element elementor-element-7dc97e2\" data-id=\"7dc97e2\" data-element_type=\"column\" data-e-type=\"column\">\n\t\t\t<div class=\"elementor-widget-wrap elementor-element-populated\">\n\t\t\t\t\t\t<div class=\"elementor-element elementor-element-0836823 elementor-hidden-phone elementor-widget elementor-widget-image\" data-id=\"0836823\" data-element_type=\"widget\" data-e-type=\"widget\" data-widget_type=\"image.default\">\n\t\t\t\t<div class=\"elementor-widget-container\">\n\t\t\t\t\t\t\t\t\t\t\t\t\t\t\t\t<a href=\"https:\/\/sinergos.org\/index.php\/home\/\">\n\t\t\t\t\t\t\t<img decoding=\"async\" width=\"1024\" height=\"676\" src=\"https:\/\/sinergos.org\/wp-content\/uploads\/2021\/02\/cropped-Logo-Sinergos-sin-texto-1024x676.png\" class=\"elementor-animation-grow attachment-large size-large wp-image-762\" alt=\"\" srcset=\"https:\/\/sinergos.org\/wp-content\/uploads\/2021\/02\/cropped-Logo-Sinergos-sin-texto-1024x676.png 1024w, https:\/\/sinergos.org\/wp-content\/uploads\/2021\/02\/cropped-Logo-Sinergos-sin-texto-300x198.png 300w, https:\/\/sinergos.org\/wp-content\/uploads\/2021\/02\/cropped-Logo-Sinergos-sin-texto-768x507.png 768w, https:\/\/sinergos.org\/wp-content\/uploads\/2021\/02\/cropped-Logo-Sinergos-sin-texto-640x423.png 640w, https:\/\/sinergos.org\/wp-content\/uploads\/2021\/02\/elementor\/thumbs\/cropped-Logo-Sinergos-sin-texto-p2a2651gylg6ckz4t3ao1x7f2y5i9ys03b42i45yno.png 75w, https:\/\/sinergos.org\/wp-content\/uploads\/2021\/02\/cropped-Logo-Sinergos-sin-texto.png 1110w\" sizes=\"(max-width: 1024px) 100vw, 1024px\" \/>\t\t\t\t\t\t\t\t<\/a>\n\t\t\t\t\t\t\t\t\t\t\t\t\t\t\t<\/div>\n\t\t\t\t<\/div>\n\t\t\t\t<div class=\"elementor-element elementor-element-464a3d4 elementor-widget elementor-widget-spacer\" data-id=\"464a3d4\" data-element_type=\"widget\" data-e-type=\"widget\" data-widget_type=\"spacer.default\">\n\t\t\t\t<div class=\"elementor-widget-container\">\n\t\t\t\t\t\t\t<div class=\"elementor-spacer\">\n\t\t\t<div class=\"elementor-spacer-inner\"><\/div>\n\t\t<\/div>\n\t\t\t\t\t\t<\/div>\n\t\t\t\t<\/div>\n\t\t\t\t\t<\/div>\n\t\t<\/div>\n\t\t\t\t\t<\/div>\n\t\t<\/section>\n\t\t\t\t<section class=\"elementor-section elementor-top-section elementor-element elementor-element-def9b53 elementor-section-boxed elementor-section-height-default elementor-section-height-default\" data-id=\"def9b53\" data-element_type=\"section\" data-e-type=\"section\">\n\t\t\t\t\t\t<div class=\"elementor-container elementor-column-gap-default\">\n\t\t\t\t\t<div class=\"elementor-column elementor-col-100 elementor-top-column elementor-element elementor-element-3efab1b\" data-id=\"3efab1b\" data-element_type=\"column\" data-e-type=\"column\">\n\t\t\t<div class=\"elementor-widget-wrap\">\n\t\t\t\t\t\t\t<\/div>\n\t\t<\/div>\n\t\t\t\t\t<\/div>\n\t\t<\/section>\n\t\t\t\t<section class=\"elementor-section elementor-top-section elementor-element elementor-element-533d58e7 elementor-section-boxed elementor-section-height-default elementor-section-height-default\" data-id=\"533d58e7\" data-element_type=\"section\" data-e-type=\"section\" data-settings=\"{&quot;background_background&quot;:&quot;classic&quot;}\">\n\t\t\t\t\t\t<div class=\"elementor-container elementor-column-gap-default\">\n\t\t\t\t\t<div class=\"elementor-column elementor-col-50 elementor-top-column elementor-element elementor-element-72e233ba\" data-id=\"72e233ba\" data-element_type=\"column\" data-e-type=\"column\">\n\t\t\t<div class=\"elementor-widget-wrap elementor-element-populated\">\n\t\t\t\t\t\t<div class=\"elementor-element elementor-element-6bc25e86 elementor-align-center elementor-widget elementor-widget-button\" data-id=\"6bc25e86\" data-element_type=\"widget\" data-e-type=\"widget\" data-widget_type=\"button.default\">\n\t\t\t\t<div class=\"elementor-widget-container\">\n\t\t\t\t\t\t\t\t\t<div class=\"elementor-button-wrapper\">\n\t\t\t\t\t<a class=\"elementor-button elementor-button-link elementor-size-xs\" href=\"https:\/\/sinergos.org\/wp-content\/uploads\/2021\/07\/SINERGOS_Aviso_legal_cookies_analiticas.pdf\" target=\"_blank\">\n\t\t\t\t\t\t<span class=\"elementor-button-content-wrapper\">\n\t\t\t\t\t\t\t\t\t<span class=\"elementor-button-text\">AVISO LEGAL<\/span>\n\t\t\t\t\t<\/span>\n\t\t\t\t\t<\/a>\n\t\t\t\t<\/div>\n\t\t\t\t\t\t\t\t<\/div>\n\t\t\t\t<\/div>\n\t\t\t\t\t<\/div>\n\t\t<\/div>\n\t\t\t\t<div class=\"elementor-column elementor-col-50 elementor-top-column elementor-element elementor-element-2a60502e\" data-id=\"2a60502e\" data-element_type=\"column\" data-e-type=\"column\">\n\t\t\t<div class=\"elementor-widget-wrap elementor-element-populated\">\n\t\t\t\t\t\t<div class=\"elementor-element elementor-element-3325fda3 elementor-align-center elementor-widget elementor-widget-button\" data-id=\"3325fda3\" data-element_type=\"widget\" data-e-type=\"widget\" data-widget_type=\"button.default\">\n\t\t\t\t<div class=\"elementor-widget-container\">\n\t\t\t\t\t\t\t\t\t<div class=\"elementor-button-wrapper\">\n\t\t\t\t\t<a class=\"elementor-button elementor-button-link elementor-size-xs\" href=\"https:\/\/sinergos.org\/wp-content\/uploads\/2021\/07\/SINERGOS_Politica_de_PRIVACIDAD.pdf\" target=\"_blank\">\n\t\t\t\t\t\t<span class=\"elementor-button-content-wrapper\">\n\t\t\t\t\t\t\t\t\t<span class=\"elementor-button-text\">POL\u00cdTICA PRIVACIDAD<\/span>\n\t\t\t\t\t<\/span>\n\t\t\t\t\t<\/a>\n\t\t\t\t<\/div>\n\t\t\t\t\t\t\t\t<\/div>\n\t\t\t\t<\/div>\n\t\t\t\t\t<\/div>\n\t\t<\/div>\n\t\t\t\t\t<\/div>\n\t\t<\/section>\n\t\t\t\t<\/div>\n\t\t","protected":false},"excerpt":{"rendered":"<p>(30\/11\/2025) El Consorcio de ONG hace un llamamiento a la comunidad internacional para responder a la crisis humanitaria de la poblaci\u00f3n refugiada&nbsp;saharaui El Consorcio de ONG que opera en los campamentos de personas refugiadas saharauis llama a la comunidad internacional a movilizar todos los recursos financieros necesarios para responder a una fuerte crisis humanitaria en &#8230; <a title=\"El Consorcio de ONG hace un llamamiento a la comunidad internacional para responder a la crisis humanitaria de la poblaci\u00f3n refugiada\u00a0saharaui\" class=\"read-more\" href=\"https:\/\/sinergos.org\/index.php\/el-consorcio-de-ong-hace-un-llamamiento-a-la-comunidad-internacional-para-responder-a-la-crisis-humanitaria-de-la-poblacion-refugiada-saharaui\/\" aria-label=\"Leer m\u00e1s sobre El Consorcio de ONG hace un llamamiento a la comunidad internacional para responder a la crisis humanitaria de la poblaci\u00f3n refugiada\u00a0saharaui\">Leer m\u00e1s<\/a><\/p>\n","protected":false},"author":1,"featured_media":0,"parent":0,"menu_order":0,"comment_status":"closed","ping_status":"closed","template":"","meta":{"_monsterinsights_skip_tracking":false,"_monsterinsights_sitenote_active":false,"_monsterinsights_sitenote_note":"","_monsterinsights_sitenote_category":0,"footnotes":""},"class_list":["post-3370","page","type-page","status-publish"],"aioseo_notices":[],"_links":{"self":[{"href":"https:\/\/sinergos.org\/index.php\/wp-json\/wp\/v2\/pages\/3370","targetHints":{"allow":["GET"]}}],"collection":[{"href":"https:\/\/sinergos.org\/index.php\/wp-json\/wp\/v2\/pages"}],"about":[{"href":"https:\/\/sinergos.org\/index.php\/wp-json\/wp\/v2\/types\/page"}],"author":[{"embeddable":true,"href":"https:\/\/sinergos.org\/index.php\/wp-json\/wp\/v2\/users\/1"}],"replies":[{"embeddable":true,"href":"https:\/\/sinergos.org\/index.php\/wp-json\/wp\/v2\/comments?post=3370"}],"version-history":[{"count":4,"href":"https:\/\/sinergos.org\/index.php\/wp-json\/wp\/v2\/pages\/3370\/revisions"}],"predecessor-version":[{"id":3376,"href":"https:\/\/sinergos.org\/index.php\/wp-json\/wp\/v2\/pages\/3370\/revisions\/3376"}],"wp:attachment":[{"href":"https:\/\/sinergos.org\/index.php\/wp-json\/wp\/v2\/media?parent=3370"}],"curies":[{"name":"wp","href":"https:\/\/api.w.org\/{rel}","templated":true}]}}