{"id":3387,"date":"2026-01-14T17:46:03","date_gmt":"2026-01-14T17:46:03","guid":{"rendered":"https:\/\/sinergos.org\/?page_id=3387"},"modified":"2026-01-15T14:35:04","modified_gmt":"2026-01-15T14:35:04","slug":"identidades-en-movimiento_sensibiliz-lgtbiqsinergos-dip-badajoz","status":"publish","type":"page","link":"https:\/\/sinergos.org\/index.php\/identidades-en-movimiento_sensibiliz-lgtbiqsinergos-dip-badajoz\/","title":{"rendered":"IDENTIDADES EN MOVIMIENTO_Sensibiliz LGTBIQ+Sinergos Dip Badajoz"},"content":{"rendered":"\t\t<div data-elementor-type=\"wp-page\" data-elementor-id=\"3387\" class=\"elementor elementor-3387\">\n\t\t\t\t\t\t<section class=\"elementor-section elementor-top-section elementor-element elementor-element-d02da00 elementor-section-boxed elementor-section-height-default elementor-section-height-default\" data-id=\"d02da00\" data-element_type=\"section\" data-e-type=\"section\">\n\t\t\t\t\t\t<div class=\"elementor-container elementor-column-gap-default\">\n\t\t\t\t\t<div class=\"elementor-column elementor-col-100 elementor-top-column elementor-element elementor-element-48ab2c1\" data-id=\"48ab2c1\" data-element_type=\"column\" data-e-type=\"column\">\n\t\t\t<div class=\"elementor-widget-wrap elementor-element-populated\">\n\t\t\t\t\t\t<div class=\"elementor-element elementor-element-3e02226 elementor-widget elementor-widget-spacer\" data-id=\"3e02226\" data-element_type=\"widget\" data-e-type=\"widget\" data-widget_type=\"spacer.default\">\n\t\t\t\t<div class=\"elementor-widget-container\">\n\t\t\t\t\t\t\t<div class=\"elementor-spacer\">\n\t\t\t<div class=\"elementor-spacer-inner\"><\/div>\n\t\t<\/div>\n\t\t\t\t\t\t<\/div>\n\t\t\t\t<\/div>\n\t\t\t\t\t<\/div>\n\t\t<\/div>\n\t\t\t\t\t<\/div>\n\t\t<\/section>\n\t\t\t\t<section class=\"elementor-section elementor-top-section elementor-element elementor-element-aa9f1c0 elementor-section-boxed elementor-section-height-default elementor-section-height-default\" data-id=\"aa9f1c0\" data-element_type=\"section\" data-e-type=\"section\">\n\t\t\t\t\t\t<div class=\"elementor-container elementor-column-gap-default\">\n\t\t\t\t\t<div class=\"elementor-column elementor-col-100 elementor-top-column elementor-element elementor-element-6e7dffa\" data-id=\"6e7dffa\" data-element_type=\"column\" data-e-type=\"column\">\n\t\t\t<div class=\"elementor-widget-wrap elementor-element-populated\">\n\t\t\t\t\t\t<div class=\"elementor-element elementor-element-74ef9b0 elementor-widget elementor-widget-heading\" data-id=\"74ef9b0\" data-element_type=\"widget\" data-e-type=\"widget\" data-widget_type=\"heading.default\">\n\t\t\t\t<div class=\"elementor-widget-container\">\n\t\t\t\t\t<h2 class=\"elementor-heading-title elementor-size-large\">Sensibilizaci\u00f3n LGTBIQ+ en Medina de las Torres<\/h2>\t\t\t\t<\/div>\n\t\t\t\t<\/div>\n\t\t\t\t\t<\/div>\n\t\t<\/div>\n\t\t\t\t\t<\/div>\n\t\t<\/section>\n\t\t\t\t<section class=\"elementor-section elementor-top-section elementor-element elementor-element-bc2aeb4 elementor-section-boxed elementor-section-height-default elementor-section-height-default\" data-id=\"bc2aeb4\" data-element_type=\"section\" data-e-type=\"section\" id=\"club_lectura_los_santos\">\n\t\t\t\t\t\t<div class=\"elementor-container elementor-column-gap-default\">\n\t\t\t\t\t<div class=\"elementor-column elementor-col-100 elementor-top-column elementor-element elementor-element-8188860\" data-id=\"8188860\" data-element_type=\"column\" data-e-type=\"column\">\n\t\t\t<div class=\"elementor-widget-wrap elementor-element-populated\">\n\t\t\t\t\t\t<div class=\"elementor-element elementor-element-419a3ef elementor-widget elementor-widget-heading\" data-id=\"419a3ef\" data-element_type=\"widget\" data-e-type=\"widget\" data-widget_type=\"heading.default\">\n\t\t\t\t<div class=\"elementor-widget-container\">\n\t\t\t\t\t<h1 class=\"elementor-heading-title elementor-size-xl\">Identidades en movimiento<\/h1>\t\t\t\t<\/div>\n\t\t\t\t<\/div>\n\t\t\t\t\t<\/div>\n\t\t<\/div>\n\t\t\t\t\t<\/div>\n\t\t<\/section>\n\t\t\t\t<section class=\"elementor-section elementor-top-section elementor-element elementor-element-443fbc3 elementor-section-boxed elementor-section-height-default elementor-section-height-default\" data-id=\"443fbc3\" data-element_type=\"section\" data-e-type=\"section\">\n\t\t\t\t\t\t<div class=\"elementor-container elementor-column-gap-default\">\n\t\t\t\t\t<div class=\"elementor-column elementor-col-100 elementor-top-column elementor-element elementor-element-98c0475\" data-id=\"98c0475\" data-element_type=\"column\" data-e-type=\"column\">\n\t\t\t<div class=\"elementor-widget-wrap elementor-element-populated\">\n\t\t\t\t\t\t<div class=\"elementor-element elementor-element-cc24778 elementor-widget elementor-widget-text-editor\" data-id=\"cc24778\" data-element_type=\"widget\" data-e-type=\"widget\" data-widget_type=\"text-editor.default\">\n\t\t\t\t<div class=\"elementor-widget-container\">\n\t\t\t\t\t\t\t\t\t<p><strong>DESCRIPCI\u00d3N:<\/strong><\/p><p data-start=\"382\" data-end=\"699\"><strong data-start=\"382\" data-end=\"411\">Identidades en Movimiento<\/strong> es una experiencia art\u00edstica y comunitaria que combina talleres participativos, movimiento corporal y una pieza de danza contempor\u00e1nea para explorar c\u00f3mo construimos nuestra identidad, c\u00f3mo habitamos nuestros cuerpos y c\u00f3mo nos relacionamos con la diversidad de g\u00e9nero y afectivo-sexual.<\/p><p data-start=\"701\" data-end=\"1122\">Durante tres d\u00edas, Medina de las Torres se convertir\u00e1 en un espacio de encuentro donde personas de todas las edades podr\u00e1n reflexionar, sentir y dialogar a trav\u00e9s del cuerpo y la palabra. El proyecto propone un recorrido que parte de la sensibilizaci\u00f3n y culmina en una creaci\u00f3n esc\u00e9nica que invita a mirar de otra manera las masculinidades, las identidades queer y los estereotipos que atraviesan nuestra vida cotidiana.<\/p><p data-start=\"1124\" data-end=\"1168\">A lo largo de las jornadas se desarrollar\u00e1n:<\/p><ul data-start=\"1170\" data-end=\"1943\"><li data-start=\"1170\" data-end=\"1372\"><p data-start=\"1172\" data-end=\"1372\"><strong data-start=\"1172\" data-end=\"1249\">Talleres de sensibilizaci\u00f3n sobre identidad de g\u00e9nero y diversidad sexual<\/strong>, con din\u00e1micas participativas, materiales visuales y espacios de di\u00e1logo para cuestionar estereotipos y ampliar miradas.<\/p><\/li><li data-start=\"1373\" data-end=\"1566\"><p data-start=\"1375\" data-end=\"1566\"><strong data-start=\"1375\" data-end=\"1411\">Un taller de movimiento corporal<\/strong>, donde el cuerpo se convierte en herramienta de expresi\u00f3n, exploraci\u00f3n emocional y liberaci\u00f3n de prejuicios, a trav\u00e9s de la danza y el movimiento libre.<\/p><\/li><li data-start=\"1567\" data-end=\"1769\"><p data-start=\"1569\" data-end=\"1769\"><strong data-start=\"1569\" data-end=\"1609\">Una actuaci\u00f3n de danza contempor\u00e1nea<\/strong>, centrada en las masculinidades y la identidad queer, que traduce a escena los temas trabajados en los talleres desde una mirada po\u00e9tica, cr\u00edtica y sensible.<\/p><\/li><li data-start=\"1770\" data-end=\"1943\"><p data-start=\"1772\" data-end=\"1943\"><strong data-start=\"1772\" data-end=\"1809\">Un coloquio abierto con mediaci\u00f3n<\/strong>, donde p\u00fablico y artistas comparten impresiones, preguntas y vivencias, generando un espacio seguro de escucha y reflexi\u00f3n colectiva.<\/p><\/li><\/ul><p data-start=\"1945\" data-end=\"2268\">No es necesario tener experiencia previa en danza ni formaci\u00f3n espec\u00edfica: solo ganas de participar, moverse, pensar y compartir. La propuesta est\u00e1 pensada para j\u00f3venes, personas adultas y mayores, as\u00ed como para personas LGTBI y cualquier persona interesada en construir una comunidad m\u00e1s igualitaria, diversa y respetuosa.<\/p><p>Viernes 23: CONCEPTOS A TRAV\u00c9S DE LA PALABRA Y EL CUERPO<\/p><p>S\u00e1bado 24: DIVERSIDAD Y MOVIMIENTO LIBRE<\/p><p>Domingo 25: ACTUACI\u00d3N Y COLOQUIO<\/p><p data-start=\"2270\" data-end=\"2481\"><strong data-start=\"2270\" data-end=\"2299\">Identidades en Movimiento<\/strong> es una invitaci\u00f3n a mirarnos de otra manera, a entender que los cuerpos tambi\u00e9n piensan y que la diversidad no es una amenaza, sino una riqueza que nos conecta y nos hace comunidad.<\/p><p><strong style=\"background-color: transparent; color: inherit; font-family: inherit; font-size: 1rem;\">CU\u00c1NDO Y D\u00d3NDE DEBO ESTAR:<\/strong><\/p><p>Nos vemos <strong>los d\u00edas 23, 24 y 25 de enero en el sal\u00f3n de actos de la casa de cultura.<\/strong>\u00a0Cada sesi\u00f3n durar\u00e1 dos horas. Lleva agua y ropa c\u00f3moda para hacer ejercicio. Puedes acudir a cualquiera de las sesiones independientemente de haber estado en las previos. Sin embargo, estaremos encantados si puedes asistir a todas ellas.<\/p><h6><strong>C\u00d3MO INSCRIBIRSE:<\/strong><\/h6><p>Rellenar el formulario para inscribirte en los talleres. En caso de cualquier incidencia (horarios, localizaci\u00f3n&#8230;) contactaremos contigo a trav\u00e9s del email o tel\u00e9fono facilitado.<\/p><p>\u00a0<\/p><p>\u00a0<\/p>\t\t\t\t\t\t\t\t<\/div>\n\t\t\t\t<\/div>\n\t\t\t\t<div class=\"elementor-element elementor-element-55248b2 elementor-widget elementor-widget-html\" data-id=\"55248b2\" data-element_type=\"widget\" data-e-type=\"widget\" data-widget_type=\"html.default\">\n\t\t\t\t<div class=\"elementor-widget-container\">\n\t\t\t\t\t<iframe src=\"https:\/\/docs.google.com\/forms\/d\/e\/1FAIpQLSfDEIV37XhOPfOL6tFr8dUrxD_j6o61c_e9GQDbms_boyb71Q\/viewform?embedded=true\" width=\"640\" height=\"2530\" frameborder=\"0\" marginheight=\"0\" marginwidth=\"0\">Cargando\u2026<\/iframe>\t\t\t\t<\/div>\n\t\t\t\t<\/div>\n\t\t\t\t\t<\/div>\n\t\t<\/div>\n\t\t\t\t\t<\/div>\n\t\t<\/section>\n\t\t\t\t<section class=\"elementor-section elementor-top-section elementor-element elementor-element-feb77ef elementor-section-boxed elementor-section-height-default elementor-section-height-default\" data-id=\"feb77ef\" data-element_type=\"section\" data-e-type=\"section\">\n\t\t\t\t\t\t<div class=\"elementor-container elementor-column-gap-default\">\n\t\t\t\t\t<div class=\"elementor-column elementor-col-100 elementor-top-column elementor-element elementor-element-86e05c9\" data-id=\"86e05c9\" data-element_type=\"column\" data-e-type=\"column\">\n\t\t\t<div class=\"elementor-widget-wrap elementor-element-populated\">\n\t\t\t\t\t\t<div class=\"elementor-element elementor-element-d70a86f elementor-hidden-phone elementor-widget elementor-widget-image\" data-id=\"d70a86f\" data-element_type=\"widget\" data-e-type=\"widget\" data-widget_type=\"image.default\">\n\t\t\t\t<div class=\"elementor-widget-container\">\n\t\t\t\t\t\t\t\t\t\t\t\t\t\t\t\t<a href=\"https:\/\/sinergos.org\/index.php\/home\/\">\n\t\t\t\t\t\t\t<img fetchpriority=\"high\" decoding=\"async\" width=\"1024\" height=\"676\" src=\"https:\/\/sinergos.org\/wp-content\/uploads\/2021\/02\/cropped-Logo-Sinergos-sin-texto-1024x676.png\" class=\"elementor-animation-grow attachment-large size-large wp-image-762\" alt=\"\" srcset=\"https:\/\/sinergos.org\/wp-content\/uploads\/2021\/02\/cropped-Logo-Sinergos-sin-texto-1024x676.png 1024w, https:\/\/sinergos.org\/wp-content\/uploads\/2021\/02\/cropped-Logo-Sinergos-sin-texto-300x198.png 300w, https:\/\/sinergos.org\/wp-content\/uploads\/2021\/02\/cropped-Logo-Sinergos-sin-texto-768x507.png 768w, https:\/\/sinergos.org\/wp-content\/uploads\/2021\/02\/cropped-Logo-Sinergos-sin-texto-640x423.png 640w, https:\/\/sinergos.org\/wp-content\/uploads\/2021\/02\/elementor\/thumbs\/cropped-Logo-Sinergos-sin-texto-p2a2651gylg6ckz4t3ao1x7f2y5i9ys03b42i45yno.png 75w, https:\/\/sinergos.org\/wp-content\/uploads\/2021\/02\/cropped-Logo-Sinergos-sin-texto.png 1110w\" sizes=\"(max-width: 1024px) 100vw, 1024px\" \/>\t\t\t\t\t\t\t\t<\/a>\n\t\t\t\t\t\t\t\t\t\t\t\t\t\t\t<\/div>\n\t\t\t\t<\/div>\n\t\t\t\t\t<\/div>\n\t\t<\/div>\n\t\t\t\t\t<\/div>\n\t\t<\/section>\n\t\t\t\t<section class=\"elementor-section elementor-top-section elementor-element elementor-element-ebc26d9 elementor-section-boxed elementor-section-height-default elementor-section-height-default\" data-id=\"ebc26d9\" data-element_type=\"section\" data-e-type=\"section\">\n\t\t\t\t\t\t<div class=\"elementor-container elementor-column-gap-default\">\n\t\t\t\t\t<div class=\"elementor-column elementor-col-100 elementor-top-column elementor-element elementor-element-8c44d70\" data-id=\"8c44d70\" data-element_type=\"column\" data-e-type=\"column\">\n\t\t\t<div class=\"elementor-widget-wrap elementor-element-populated\">\n\t\t\t\t\t\t<div class=\"elementor-element elementor-element-348141a elementor-widget elementor-widget-spacer\" data-id=\"348141a\" data-element_type=\"widget\" data-e-type=\"widget\" data-widget_type=\"spacer.default\">\n\t\t\t\t<div class=\"elementor-widget-container\">\n\t\t\t\t\t\t\t<div class=\"elementor-spacer\">\n\t\t\t<div class=\"elementor-spacer-inner\"><\/div>\n\t\t<\/div>\n\t\t\t\t\t\t<\/div>\n\t\t\t\t<\/div>\n\t\t\t\t\t<\/div>\n\t\t<\/div>\n\t\t\t\t\t<\/div>\n\t\t<\/section>\n\t\t\t\t<section class=\"elementor-section elementor-top-section elementor-element elementor-element-96753db elementor-section-boxed elementor-section-height-default elementor-section-height-default\" data-id=\"96753db\" data-element_type=\"section\" data-e-type=\"section\">\n\t\t\t\t\t\t<div class=\"elementor-container elementor-column-gap-default\">\n\t\t\t\t\t<div class=\"elementor-column elementor-col-100 elementor-top-column elementor-element elementor-element-982c25a\" data-id=\"982c25a\" data-element_type=\"column\" data-e-type=\"column\">\n\t\t\t<div class=\"elementor-widget-wrap elementor-element-populated\">\n\t\t\t\t\t\t<div class=\"elementor-element elementor-element-410bf3c elementor-shape-circle elementor-grid-0 e-grid-align-center elementor-widget elementor-widget-social-icons\" data-id=\"410bf3c\" data-element_type=\"widget\" data-e-type=\"widget\" data-widget_type=\"social-icons.default\">\n\t\t\t\t<div class=\"elementor-widget-container\">\n\t\t\t\t\t\t\t<div class=\"elementor-social-icons-wrapper elementor-grid\" role=\"list\">\n\t\t\t\t\t\t\t<span class=\"elementor-grid-item\" role=\"listitem\">\n\t\t\t\t\t<a class=\"elementor-icon elementor-social-icon elementor-social-icon-instagram elementor-animation-grow elementor-repeater-item-728e522\" href=\"https:\/\/www.instagram.com\/ongdsinergos\/\" target=\"_blank\">\n\t\t\t\t\t\t<span class=\"elementor-screen-only\">Instagram<\/span>\n\t\t\t\t\t\t<i aria-hidden=\"true\" class=\"fab fa-instagram\"><\/i>\t\t\t\t\t<\/a>\n\t\t\t\t<\/span>\n\t\t\t\t\t\t\t<span class=\"elementor-grid-item\" role=\"listitem\">\n\t\t\t\t\t<a class=\"elementor-icon elementor-social-icon elementor-social-icon-facebook elementor-animation-grow elementor-repeater-item-f30516b\" href=\"https:\/\/www.facebook.com\/ONGDSinergos\/\" target=\"_blank\">\n\t\t\t\t\t\t<span class=\"elementor-screen-only\">Facebook<\/span>\n\t\t\t\t\t\t<i aria-hidden=\"true\" class=\"fab fa-facebook\"><\/i>\t\t\t\t\t<\/a>\n\t\t\t\t<\/span>\n\t\t\t\t\t\t\t<span class=\"elementor-grid-item\" role=\"listitem\">\n\t\t\t\t\t<a class=\"elementor-icon elementor-social-icon elementor-social-icon-twitter elementor-animation-grow elementor-repeater-item-8764f20\" href=\"https:\/\/twitter.com\/dsinergos\" target=\"_blank\">\n\t\t\t\t\t\t<span class=\"elementor-screen-only\">Twitter<\/span>\n\t\t\t\t\t\t<i aria-hidden=\"true\" class=\"fab fa-twitter\"><\/i>\t\t\t\t\t<\/a>\n\t\t\t\t<\/span>\n\t\t\t\t\t<\/div>\n\t\t\t\t\t\t<\/div>\n\t\t\t\t<\/div>\n\t\t\t\t\t<\/div>\n\t\t<\/div>\n\t\t\t\t\t<\/div>\n\t\t<\/section>\n\t\t\t\t<section class=\"elementor-section elementor-top-section elementor-element elementor-element-acc670e elementor-section-boxed elementor-section-height-default elementor-section-height-default\" data-id=\"acc670e\" data-element_type=\"section\" data-e-type=\"section\">\n\t\t\t\t\t\t<div class=\"elementor-container elementor-column-gap-default\">\n\t\t\t\t\t<div class=\"elementor-column elementor-col-100 elementor-top-column elementor-element elementor-element-34364a3\" data-id=\"34364a3\" data-element_type=\"column\" data-e-type=\"column\">\n\t\t\t<div class=\"elementor-widget-wrap elementor-element-populated\">\n\t\t\t\t\t\t<div class=\"elementor-element elementor-element-b0524d3 elementor-widget elementor-widget-spacer\" data-id=\"b0524d3\" data-element_type=\"widget\" data-e-type=\"widget\" data-widget_type=\"spacer.default\">\n\t\t\t\t<div class=\"elementor-widget-container\">\n\t\t\t\t\t\t\t<div class=\"elementor-spacer\">\n\t\t\t<div class=\"elementor-spacer-inner\"><\/div>\n\t\t<\/div>\n\t\t\t\t\t\t<\/div>\n\t\t\t\t<\/div>\n\t\t\t\t\t<\/div>\n\t\t<\/div>\n\t\t\t\t\t<\/div>\n\t\t<\/section>\n\t\t\t\t<section class=\"elementor-section elementor-top-section elementor-element elementor-element-d89d6ae elementor-section-full_width elementor-section-height-default elementor-section-height-default\" data-id=\"d89d6ae\" data-element_type=\"section\" data-e-type=\"section\">\n\t\t\t\t\t\t<div class=\"elementor-container elementor-column-gap-default\">\n\t\t\t\t\t<div class=\"elementor-column elementor-col-100 elementor-top-column elementor-element elementor-element-7dc97e2\" data-id=\"7dc97e2\" data-element_type=\"column\" data-e-type=\"column\">\n\t\t\t<div class=\"elementor-widget-wrap elementor-element-populated\">\n\t\t\t\t\t\t<div class=\"elementor-element elementor-element-0836823 elementor-hidden-phone elementor-widget elementor-widget-image\" data-id=\"0836823\" data-element_type=\"widget\" data-e-type=\"widget\" data-widget_type=\"image.default\">\n\t\t\t\t<div class=\"elementor-widget-container\">\n\t\t\t\t\t\t\t\t\t\t\t\t\t\t\t\t<a href=\"https:\/\/sinergos.org\/index.php\/home\/\">\n\t\t\t\t\t\t\t<img fetchpriority=\"high\" decoding=\"async\" width=\"1024\" height=\"676\" src=\"https:\/\/sinergos.org\/wp-content\/uploads\/2021\/02\/cropped-Logo-Sinergos-sin-texto-1024x676.png\" class=\"elementor-animation-grow attachment-large size-large wp-image-762\" alt=\"\" srcset=\"https:\/\/sinergos.org\/wp-content\/uploads\/2021\/02\/cropped-Logo-Sinergos-sin-texto-1024x676.png 1024w, https:\/\/sinergos.org\/wp-content\/uploads\/2021\/02\/cropped-Logo-Sinergos-sin-texto-300x198.png 300w, https:\/\/sinergos.org\/wp-content\/uploads\/2021\/02\/cropped-Logo-Sinergos-sin-texto-768x507.png 768w, https:\/\/sinergos.org\/wp-content\/uploads\/2021\/02\/cropped-Logo-Sinergos-sin-texto-640x423.png 640w, https:\/\/sinergos.org\/wp-content\/uploads\/2021\/02\/elementor\/thumbs\/cropped-Logo-Sinergos-sin-texto-p2a2651gylg6ckz4t3ao1x7f2y5i9ys03b42i45yno.png 75w, https:\/\/sinergos.org\/wp-content\/uploads\/2021\/02\/cropped-Logo-Sinergos-sin-texto.png 1110w\" sizes=\"(max-width: 1024px) 100vw, 1024px\" \/>\t\t\t\t\t\t\t\t<\/a>\n\t\t\t\t\t\t\t\t\t\t\t\t\t\t\t<\/div>\n\t\t\t\t<\/div>\n\t\t\t\t<div class=\"elementor-element elementor-element-464a3d4 elementor-widget elementor-widget-spacer\" data-id=\"464a3d4\" data-element_type=\"widget\" data-e-type=\"widget\" data-widget_type=\"spacer.default\">\n\t\t\t\t<div class=\"elementor-widget-container\">\n\t\t\t\t\t\t\t<div class=\"elementor-spacer\">\n\t\t\t<div class=\"elementor-spacer-inner\"><\/div>\n\t\t<\/div>\n\t\t\t\t\t\t<\/div>\n\t\t\t\t<\/div>\n\t\t\t\t\t<\/div>\n\t\t<\/div>\n\t\t\t\t\t<\/div>\n\t\t<\/section>\n\t\t\t\t<section class=\"elementor-section elementor-top-section elementor-element elementor-element-def9b53 elementor-section-boxed elementor-section-height-default elementor-section-height-default\" data-id=\"def9b53\" data-element_type=\"section\" data-e-type=\"section\">\n\t\t\t\t\t\t<div class=\"elementor-container elementor-column-gap-default\">\n\t\t\t\t\t<div class=\"elementor-column elementor-col-100 elementor-top-column elementor-element elementor-element-3efab1b\" data-id=\"3efab1b\" data-element_type=\"column\" data-e-type=\"column\">\n\t\t\t<div class=\"elementor-widget-wrap\">\n\t\t\t\t\t\t\t<\/div>\n\t\t<\/div>\n\t\t\t\t\t<\/div>\n\t\t<\/section>\n\t\t\t\t<section class=\"elementor-section elementor-top-section elementor-element elementor-element-533d58e7 elementor-section-boxed elementor-section-height-default elementor-section-height-default\" data-id=\"533d58e7\" data-element_type=\"section\" data-e-type=\"section\" data-settings=\"{&quot;background_background&quot;:&quot;classic&quot;}\">\n\t\t\t\t\t\t<div class=\"elementor-container elementor-column-gap-default\">\n\t\t\t\t\t<div class=\"elementor-column elementor-col-50 elementor-top-column elementor-element elementor-element-72e233ba\" data-id=\"72e233ba\" data-element_type=\"column\" data-e-type=\"column\">\n\t\t\t<div class=\"elementor-widget-wrap elementor-element-populated\">\n\t\t\t\t\t\t<div class=\"elementor-element elementor-element-6bc25e86 elementor-align-center elementor-widget elementor-widget-button\" data-id=\"6bc25e86\" data-element_type=\"widget\" data-e-type=\"widget\" data-widget_type=\"button.default\">\n\t\t\t\t<div class=\"elementor-widget-container\">\n\t\t\t\t\t\t\t\t\t<div class=\"elementor-button-wrapper\">\n\t\t\t\t\t<a class=\"elementor-button elementor-button-link elementor-size-xs\" href=\"https:\/\/sinergos.org\/wp-content\/uploads\/2021\/07\/SINERGOS_Aviso_legal_cookies_analiticas.pdf\" target=\"_blank\">\n\t\t\t\t\t\t<span class=\"elementor-button-content-wrapper\">\n\t\t\t\t\t\t\t\t\t<span class=\"elementor-button-text\">AVISO LEGAL<\/span>\n\t\t\t\t\t<\/span>\n\t\t\t\t\t<\/a>\n\t\t\t\t<\/div>\n\t\t\t\t\t\t\t\t<\/div>\n\t\t\t\t<\/div>\n\t\t\t\t\t<\/div>\n\t\t<\/div>\n\t\t\t\t<div class=\"elementor-column elementor-col-50 elementor-top-column elementor-element elementor-element-2a60502e\" data-id=\"2a60502e\" data-element_type=\"column\" data-e-type=\"column\">\n\t\t\t<div class=\"elementor-widget-wrap elementor-element-populated\">\n\t\t\t\t\t\t<div class=\"elementor-element elementor-element-3325fda3 elementor-align-center elementor-widget elementor-widget-button\" data-id=\"3325fda3\" data-element_type=\"widget\" data-e-type=\"widget\" data-widget_type=\"button.default\">\n\t\t\t\t<div class=\"elementor-widget-container\">\n\t\t\t\t\t\t\t\t\t<div class=\"elementor-button-wrapper\">\n\t\t\t\t\t<a class=\"elementor-button elementor-button-link elementor-size-xs\" href=\"https:\/\/sinergos.org\/wp-content\/uploads\/2021\/07\/SINERGOS_Politica_de_PRIVACIDAD.pdf\" target=\"_blank\">\n\t\t\t\t\t\t<span class=\"elementor-button-content-wrapper\">\n\t\t\t\t\t\t\t\t\t<span class=\"elementor-button-text\">POL\u00cdTICA PRIVACIDAD<\/span>\n\t\t\t\t\t<\/span>\n\t\t\t\t\t<\/a>\n\t\t\t\t<\/div>\n\t\t\t\t\t\t\t\t<\/div>\n\t\t\t\t<\/div>\n\t\t\t\t\t<\/div>\n\t\t<\/div>\n\t\t\t\t\t<\/div>\n\t\t<\/section>\n\t\t\t\t<\/div>\n\t\t","protected":false},"excerpt":{"rendered":"<p>Sensibilizaci\u00f3n LGTBIQ+ en Medina de las Torres Identidades en movimiento DESCRIPCI\u00d3N: Identidades en Movimiento es una experiencia art\u00edstica y comunitaria que combina talleres participativos, movimiento corporal y una pieza de danza contempor\u00e1nea para explorar c\u00f3mo construimos nuestra identidad, c\u00f3mo habitamos nuestros cuerpos y c\u00f3mo nos relacionamos con la diversidad de g\u00e9nero y afectivo-sexual. Durante tres &#8230; <a title=\"IDENTIDADES EN MOVIMIENTO_Sensibiliz LGTBIQ+Sinergos Dip Badajoz\" class=\"read-more\" href=\"https:\/\/sinergos.org\/index.php\/identidades-en-movimiento_sensibiliz-lgtbiqsinergos-dip-badajoz\/\" aria-label=\"Leer m\u00e1s sobre IDENTIDADES EN MOVIMIENTO_Sensibiliz LGTBIQ+Sinergos Dip Badajoz\">Leer m\u00e1s<\/a><\/p>\n","protected":false},"author":1,"featured_media":0,"parent":0,"menu_order":0,"comment_status":"closed","ping_status":"closed","template":"","meta":{"_monsterinsights_skip_tracking":false,"_monsterinsights_sitenote_active":false,"_monsterinsights_sitenote_note":"","_monsterinsights_sitenote_category":0,"footnotes":""},"class_list":["post-3387","page","type-page","status-publish"],"aioseo_notices":[],"_links":{"self":[{"href":"https:\/\/sinergos.org\/index.php\/wp-json\/wp\/v2\/pages\/3387","targetHints":{"allow":["GET"]}}],"collection":[{"href":"https:\/\/sinergos.org\/index.php\/wp-json\/wp\/v2\/pages"}],"about":[{"href":"https:\/\/sinergos.org\/index.php\/wp-json\/wp\/v2\/types\/page"}],"author":[{"embeddable":true,"href":"https:\/\/sinergos.org\/index.php\/wp-json\/wp\/v2\/users\/1"}],"replies":[{"embeddable":true,"href":"https:\/\/sinergos.org\/index.php\/wp-json\/wp\/v2\/comments?post=3387"}],"version-history":[{"count":10,"href":"https:\/\/sinergos.org\/index.php\/wp-json\/wp\/v2\/pages\/3387\/revisions"}],"predecessor-version":[{"id":3403,"href":"https:\/\/sinergos.org\/index.php\/wp-json\/wp\/v2\/pages\/3387\/revisions\/3403"}],"wp:attachment":[{"href":"https:\/\/sinergos.org\/index.php\/wp-json\/wp\/v2\/media?parent=3387"}],"curies":[{"name":"wp","href":"https:\/\/api.w.org\/{rel}","templated":true}]}}