{"id":3444,"date":"2026-02-12T18:46:33","date_gmt":"2026-02-12T18:46:33","guid":{"rendered":"https:\/\/sinergos.org\/?page_id=3444"},"modified":"2026-02-12T19:10:29","modified_gmt":"2026-02-12T19:10:29","slug":"oferta-tdr-evaluacion-campos-de-refugiados-saharauis","status":"publish","type":"page","link":"https:\/\/sinergos.org\/index.php\/oferta-tdr-evaluacion-campos-de-refugiados-saharauis\/","title":{"rendered":"Oferta TDR evaluaci\u00f3n campos de refugiados saharauis"},"content":{"rendered":"\t\t<div data-elementor-type=\"wp-page\" data-elementor-id=\"3444\" class=\"elementor elementor-3444\">\n\t\t\t\t\t\t<section class=\"elementor-section elementor-top-section elementor-element elementor-element-d02da00 elementor-section-boxed elementor-section-height-default elementor-section-height-default\" data-id=\"d02da00\" data-element_type=\"section\" data-e-type=\"section\">\n\t\t\t\t\t\t<div class=\"elementor-container elementor-column-gap-default\">\n\t\t\t\t\t<div class=\"elementor-column elementor-col-100 elementor-top-column elementor-element elementor-element-48ab2c1\" data-id=\"48ab2c1\" data-element_type=\"column\" data-e-type=\"column\">\n\t\t\t<div class=\"elementor-widget-wrap elementor-element-populated\">\n\t\t\t\t\t\t<div class=\"elementor-element elementor-element-3e02226 elementor-widget elementor-widget-spacer\" data-id=\"3e02226\" data-element_type=\"widget\" data-e-type=\"widget\" data-widget_type=\"spacer.default\">\n\t\t\t\t<div class=\"elementor-widget-container\">\n\t\t\t\t\t\t\t<div class=\"elementor-spacer\">\n\t\t\t<div class=\"elementor-spacer-inner\"><\/div>\n\t\t<\/div>\n\t\t\t\t\t\t<\/div>\n\t\t\t\t<\/div>\n\t\t\t\t\t<\/div>\n\t\t<\/div>\n\t\t\t\t\t<\/div>\n\t\t<\/section>\n\t\t\t\t<section class=\"elementor-section elementor-top-section elementor-element elementor-element-aa9f1c0 elementor-section-boxed elementor-section-height-default elementor-section-height-default\" data-id=\"aa9f1c0\" data-element_type=\"section\" data-e-type=\"section\">\n\t\t\t\t\t\t<div class=\"elementor-container elementor-column-gap-default\">\n\t\t\t\t\t<div class=\"elementor-column elementor-col-100 elementor-top-column elementor-element elementor-element-6e7dffa\" data-id=\"6e7dffa\" data-element_type=\"column\" data-e-type=\"column\">\n\t\t\t<div class=\"elementor-widget-wrap elementor-element-populated\">\n\t\t\t\t\t\t<div class=\"elementor-element elementor-element-74ef9b0 elementor-widget elementor-widget-heading\" data-id=\"74ef9b0\" data-element_type=\"widget\" data-e-type=\"widget\" data-widget_type=\"heading.default\">\n\t\t\t\t<div class=\"elementor-widget-container\">\n\t\t\t\t\t<h2 class=\"elementor-heading-title elementor-size-large\">(12\/02\/2026)<\/h2>\t\t\t\t<\/div>\n\t\t\t\t<\/div>\n\t\t\t\t\t<\/div>\n\t\t<\/div>\n\t\t\t\t\t<\/div>\n\t\t<\/section>\n\t\t\t\t<section class=\"elementor-section elementor-top-section elementor-element elementor-element-bc2aeb4 elementor-section-boxed elementor-section-height-default elementor-section-height-default\" data-id=\"bc2aeb4\" data-element_type=\"section\" data-e-type=\"section\" id=\"club_lectura_los_santos\">\n\t\t\t\t\t\t<div class=\"elementor-container elementor-column-gap-default\">\n\t\t\t\t\t<div class=\"elementor-column elementor-col-100 elementor-top-column elementor-element elementor-element-8188860\" data-id=\"8188860\" data-element_type=\"column\" data-e-type=\"column\">\n\t\t\t<div class=\"elementor-widget-wrap elementor-element-populated\">\n\t\t\t\t\t\t<div class=\"elementor-element elementor-element-419a3ef elementor-widget elementor-widget-heading\" data-id=\"419a3ef\" data-element_type=\"widget\" data-e-type=\"widget\" data-widget_type=\"heading.default\">\n\t\t\t\t<div class=\"elementor-widget-container\">\n\t\t\t\t\t<h1 class=\"elementor-heading-title elementor-size-xl\">Oferta de consultor\u00eda: Evaluaci\u00f3n final en los campamentos saharauis<\/h1>\t\t\t\t<\/div>\n\t\t\t\t<\/div>\n\t\t\t\t\t<\/div>\n\t\t<\/div>\n\t\t\t\t\t<\/div>\n\t\t<\/section>\n\t\t\t\t<section class=\"elementor-section elementor-top-section elementor-element elementor-element-b6e3df0 elementor-section-boxed elementor-section-height-default elementor-section-height-default\" data-id=\"b6e3df0\" data-element_type=\"section\" data-e-type=\"section\">\n\t\t\t\t\t\t<div class=\"elementor-container elementor-column-gap-default\">\n\t\t\t\t\t<div class=\"elementor-column elementor-col-100 elementor-top-column elementor-element elementor-element-82fffea\" data-id=\"82fffea\" data-element_type=\"column\" data-e-type=\"column\">\n\t\t\t<div class=\"elementor-widget-wrap elementor-element-populated\">\n\t\t\t\t\t\t<div class=\"elementor-element elementor-element-61d28df elementor-widget elementor-widget-text-editor\" data-id=\"61d28df\" data-element_type=\"widget\" data-e-type=\"widget\" data-widget_type=\"text-editor.default\">\n\t\t\t\t<div class=\"elementor-widget-container\">\n\t\t\t\t\t\t\t\t\t<p><span style=\"font-family: 'trebuchet ms', geneva, sans-serif; font-size: 10pt;\">Desde Sinergos abrimos convocatoria para la contrataci\u00f3n de una consultor\u00eda externa que realice la evaluaci\u00f3n final del proyecto \u201cTrabajo y Dignidad en los CPRS Saharauis\u201d, financiado por AEXCID y desarrollado en los campamentos de poblaci\u00f3n refugiada saharaui en Tinduf (Argelia).<\/span><\/p><p data-start=\"522\" data-end=\"726\"><span style=\"font-family: 'trebuchet ms', geneva, sans-serif; font-size: 10pt;\">La evaluaci\u00f3n tendr\u00e1 un enfoque participativo, de derechos humanos y de g\u00e9nero, y analizar\u00e1 los resultados, el impacto y la sostenibilidad del proyecto, orient\u00e1ndose a la mejora de futuras intervenciones.<\/span><\/p><p data-start=\"728\" data-end=\"873\"><span style=\"font-family: 'trebuchet ms', geneva, sans-serif; font-size: 10pt;\">Las personas o entidades interesadas pueden consultar en el documento adjunto los requisitos, plazos, presupuesto y condiciones de participaci\u00f3n.<\/span><\/p><p data-start=\"875\" data-end=\"933\"><span style=\"font-family: 'trebuchet ms', geneva, sans-serif; font-size: 10pt;\"><img decoding=\"async\" class=\"emoji\" role=\"img\" draggable=\"false\" src=\"https:\/\/s.w.org\/images\/core\/emoji\/17.0.2\/svg\/1f4c5.svg\" alt=\"\ud83d\udcc5\" \/> Fecha l\u00edmite de presentaci\u00f3n: <strong data-start=\"908\" data-end=\"933\">17 de febrero de 2026<\/strong><\/span><\/p>\t\t\t\t\t\t\t\t<\/div>\n\t\t\t\t<\/div>\n\t\t\t\t<div class=\"elementor-element elementor-element-bb4d341 elementor-align-center elementor-widget elementor-widget-button\" data-id=\"bb4d341\" data-element_type=\"widget\" data-e-type=\"widget\" data-widget_type=\"button.default\">\n\t\t\t\t<div class=\"elementor-widget-container\">\n\t\t\t\t\t\t\t\t\t<div class=\"elementor-button-wrapper\">\n\t\t\t\t\t<a class=\"elementor-button elementor-button-link elementor-size-sm\" href=\"https:\/\/sinergos.org\/wp-content\/uploads\/2026\/02\/ANEXO_VII_TdR_EVALUACION_FINAL_Sinergos.pdf\">\n\t\t\t\t\t\t<span class=\"elementor-button-content-wrapper\">\n\t\t\t\t\t\t\t\t\t<span class=\"elementor-button-text\">OFERTA COMPLETA <\/span>\n\t\t\t\t\t<\/span>\n\t\t\t\t\t<\/a>\n\t\t\t\t<\/div>\n\t\t\t\t\t\t\t\t<\/div>\n\t\t\t\t<\/div>\n\t\t\t\t<div class=\"elementor-element elementor-element-dac1cf9 elementor-widget elementor-widget-spacer\" data-id=\"dac1cf9\" data-element_type=\"widget\" data-e-type=\"widget\" data-widget_type=\"spacer.default\">\n\t\t\t\t<div class=\"elementor-widget-container\">\n\t\t\t\t\t\t\t<div class=\"elementor-spacer\">\n\t\t\t<div class=\"elementor-spacer-inner\"><\/div>\n\t\t<\/div>\n\t\t\t\t\t\t<\/div>\n\t\t\t\t<\/div>\n\t\t\t\t\t<\/div>\n\t\t<\/div>\n\t\t\t\t\t<\/div>\n\t\t<\/section>\n\t\t\t\t<section class=\"elementor-section elementor-top-section elementor-element elementor-element-96753db elementor-section-boxed elementor-section-height-default elementor-section-height-default\" data-id=\"96753db\" data-element_type=\"section\" data-e-type=\"section\">\n\t\t\t\t\t\t<div class=\"elementor-container elementor-column-gap-default\">\n\t\t\t\t\t<div class=\"elementor-column elementor-col-100 elementor-top-column elementor-element elementor-element-982c25a\" data-id=\"982c25a\" data-element_type=\"column\" data-e-type=\"column\">\n\t\t\t<div class=\"elementor-widget-wrap elementor-element-populated\">\n\t\t\t\t\t\t<div class=\"elementor-element elementor-element-410bf3c elementor-shape-circle elementor-grid-0 e-grid-align-center elementor-widget elementor-widget-social-icons\" data-id=\"410bf3c\" data-element_type=\"widget\" data-e-type=\"widget\" data-widget_type=\"social-icons.default\">\n\t\t\t\t<div class=\"elementor-widget-container\">\n\t\t\t\t\t\t\t<div class=\"elementor-social-icons-wrapper elementor-grid\" role=\"list\">\n\t\t\t\t\t\t\t<span class=\"elementor-grid-item\" role=\"listitem\">\n\t\t\t\t\t<a class=\"elementor-icon elementor-social-icon elementor-social-icon-instagram elementor-animation-grow elementor-repeater-item-728e522\" href=\"https:\/\/www.instagram.com\/ongdsinergos\/\" target=\"_blank\">\n\t\t\t\t\t\t<span class=\"elementor-screen-only\">Instagram<\/span>\n\t\t\t\t\t\t<i aria-hidden=\"true\" class=\"fab fa-instagram\"><\/i>\t\t\t\t\t<\/a>\n\t\t\t\t<\/span>\n\t\t\t\t\t\t\t<span class=\"elementor-grid-item\" role=\"listitem\">\n\t\t\t\t\t<a class=\"elementor-icon elementor-social-icon elementor-social-icon-facebook elementor-animation-grow elementor-repeater-item-f30516b\" href=\"https:\/\/www.facebook.com\/ONGDSinergos\/\" target=\"_blank\">\n\t\t\t\t\t\t<span class=\"elementor-screen-only\">Facebook<\/span>\n\t\t\t\t\t\t<i aria-hidden=\"true\" class=\"fab fa-facebook\"><\/i>\t\t\t\t\t<\/a>\n\t\t\t\t<\/span>\n\t\t\t\t\t\t\t<span class=\"elementor-grid-item\" role=\"listitem\">\n\t\t\t\t\t<a class=\"elementor-icon elementor-social-icon elementor-social-icon-twitter elementor-animation-grow elementor-repeater-item-8764f20\" href=\"https:\/\/twitter.com\/dsinergos\" target=\"_blank\">\n\t\t\t\t\t\t<span class=\"elementor-screen-only\">Twitter<\/span>\n\t\t\t\t\t\t<i aria-hidden=\"true\" class=\"fab fa-twitter\"><\/i>\t\t\t\t\t<\/a>\n\t\t\t\t<\/span>\n\t\t\t\t\t<\/div>\n\t\t\t\t\t\t<\/div>\n\t\t\t\t<\/div>\n\t\t\t\t\t<\/div>\n\t\t<\/div>\n\t\t\t\t\t<\/div>\n\t\t<\/section>\n\t\t\t\t<section class=\"elementor-section elementor-top-section elementor-element elementor-element-acc670e elementor-section-boxed elementor-section-height-default elementor-section-height-default\" data-id=\"acc670e\" data-element_type=\"section\" data-e-type=\"section\">\n\t\t\t\t\t\t<div class=\"elementor-container elementor-column-gap-default\">\n\t\t\t\t\t<div class=\"elementor-column elementor-col-100 elementor-top-column elementor-element elementor-element-34364a3\" data-id=\"34364a3\" data-element_type=\"column\" data-e-type=\"column\">\n\t\t\t<div class=\"elementor-widget-wrap elementor-element-populated\">\n\t\t\t\t\t\t<div class=\"elementor-element elementor-element-b0524d3 elementor-widget elementor-widget-spacer\" data-id=\"b0524d3\" data-element_type=\"widget\" data-e-type=\"widget\" data-widget_type=\"spacer.default\">\n\t\t\t\t<div class=\"elementor-widget-container\">\n\t\t\t\t\t\t\t<div class=\"elementor-spacer\">\n\t\t\t<div class=\"elementor-spacer-inner\"><\/div>\n\t\t<\/div>\n\t\t\t\t\t\t<\/div>\n\t\t\t\t<\/div>\n\t\t\t\t\t<\/div>\n\t\t<\/div>\n\t\t\t\t\t<\/div>\n\t\t<\/section>\n\t\t\t\t<section class=\"elementor-section elementor-top-section elementor-element elementor-element-d89d6ae elementor-section-full_width elementor-section-height-default elementor-section-height-default\" data-id=\"d89d6ae\" data-element_type=\"section\" data-e-type=\"section\">\n\t\t\t\t\t\t<div class=\"elementor-container elementor-column-gap-default\">\n\t\t\t\t\t<div class=\"elementor-column elementor-col-100 elementor-top-column elementor-element elementor-element-7dc97e2\" data-id=\"7dc97e2\" data-element_type=\"column\" data-e-type=\"column\">\n\t\t\t<div class=\"elementor-widget-wrap elementor-element-populated\">\n\t\t\t\t\t\t<div class=\"elementor-element elementor-element-0836823 elementor-hidden-phone elementor-widget elementor-widget-image\" data-id=\"0836823\" data-element_type=\"widget\" data-e-type=\"widget\" data-widget_type=\"image.default\">\n\t\t\t\t<div class=\"elementor-widget-container\">\n\t\t\t\t\t\t\t\t\t\t\t\t\t\t\t\t<a href=\"https:\/\/sinergos.org\/index.php\/home\/\">\n\t\t\t\t\t\t\t<img fetchpriority=\"high\" decoding=\"async\" width=\"1024\" height=\"676\" src=\"https:\/\/sinergos.org\/wp-content\/uploads\/2021\/02\/cropped-Logo-Sinergos-sin-texto-1024x676.png\" class=\"elementor-animation-grow attachment-large size-large wp-image-762\" alt=\"\" srcset=\"https:\/\/sinergos.org\/wp-content\/uploads\/2021\/02\/cropped-Logo-Sinergos-sin-texto-1024x676.png 1024w, https:\/\/sinergos.org\/wp-content\/uploads\/2021\/02\/cropped-Logo-Sinergos-sin-texto-300x198.png 300w, https:\/\/sinergos.org\/wp-content\/uploads\/2021\/02\/cropped-Logo-Sinergos-sin-texto-768x507.png 768w, https:\/\/sinergos.org\/wp-content\/uploads\/2021\/02\/cropped-Logo-Sinergos-sin-texto-640x423.png 640w, https:\/\/sinergos.org\/wp-content\/uploads\/2021\/02\/elementor\/thumbs\/cropped-Logo-Sinergos-sin-texto-p2a2651gylg6ckz4t3ao1x7f2y5i9ys03b42i45yno.png 75w, https:\/\/sinergos.org\/wp-content\/uploads\/2021\/02\/cropped-Logo-Sinergos-sin-texto.png 1110w\" sizes=\"(max-width: 1024px) 100vw, 1024px\" \/>\t\t\t\t\t\t\t\t<\/a>\n\t\t\t\t\t\t\t\t\t\t\t\t\t\t\t<\/div>\n\t\t\t\t<\/div>\n\t\t\t\t<div class=\"elementor-element elementor-element-464a3d4 elementor-widget elementor-widget-spacer\" data-id=\"464a3d4\" data-element_type=\"widget\" data-e-type=\"widget\" data-widget_type=\"spacer.default\">\n\t\t\t\t<div class=\"elementor-widget-container\">\n\t\t\t\t\t\t\t<div class=\"elementor-spacer\">\n\t\t\t<div class=\"elementor-spacer-inner\"><\/div>\n\t\t<\/div>\n\t\t\t\t\t\t<\/div>\n\t\t\t\t<\/div>\n\t\t\t\t\t<\/div>\n\t\t<\/div>\n\t\t\t\t\t<\/div>\n\t\t<\/section>\n\t\t\t\t<section class=\"elementor-section elementor-top-section elementor-element elementor-element-def9b53 elementor-section-boxed elementor-section-height-default elementor-section-height-default\" data-id=\"def9b53\" data-element_type=\"section\" data-e-type=\"section\">\n\t\t\t\t\t\t<div class=\"elementor-container elementor-column-gap-default\">\n\t\t\t\t\t<div class=\"elementor-column elementor-col-100 elementor-top-column elementor-element elementor-element-3efab1b\" data-id=\"3efab1b\" data-element_type=\"column\" data-e-type=\"column\">\n\t\t\t<div class=\"elementor-widget-wrap\">\n\t\t\t\t\t\t\t<\/div>\n\t\t<\/div>\n\t\t\t\t\t<\/div>\n\t\t<\/section>\n\t\t\t\t<section class=\"elementor-section elementor-top-section elementor-element elementor-element-533d58e7 elementor-section-boxed elementor-section-height-default elementor-section-height-default\" data-id=\"533d58e7\" data-element_type=\"section\" data-e-type=\"section\" data-settings=\"{&quot;background_background&quot;:&quot;classic&quot;}\">\n\t\t\t\t\t\t<div class=\"elementor-container elementor-column-gap-default\">\n\t\t\t\t\t<div class=\"elementor-column elementor-col-50 elementor-top-column elementor-element elementor-element-72e233ba\" data-id=\"72e233ba\" data-element_type=\"column\" data-e-type=\"column\">\n\t\t\t<div class=\"elementor-widget-wrap elementor-element-populated\">\n\t\t\t\t\t\t<div class=\"elementor-element elementor-element-6bc25e86 elementor-align-center elementor-widget elementor-widget-button\" data-id=\"6bc25e86\" data-element_type=\"widget\" data-e-type=\"widget\" data-widget_type=\"button.default\">\n\t\t\t\t<div class=\"elementor-widget-container\">\n\t\t\t\t\t\t\t\t\t<div class=\"elementor-button-wrapper\">\n\t\t\t\t\t<a class=\"elementor-button elementor-button-link elementor-size-xs\" href=\"https:\/\/sinergos.org\/wp-content\/uploads\/2021\/07\/SINERGOS_Aviso_legal_cookies_analiticas.pdf\" target=\"_blank\">\n\t\t\t\t\t\t<span class=\"elementor-button-content-wrapper\">\n\t\t\t\t\t\t\t\t\t<span class=\"elementor-button-text\">AVISO LEGAL<\/span>\n\t\t\t\t\t<\/span>\n\t\t\t\t\t<\/a>\n\t\t\t\t<\/div>\n\t\t\t\t\t\t\t\t<\/div>\n\t\t\t\t<\/div>\n\t\t\t\t\t<\/div>\n\t\t<\/div>\n\t\t\t\t<div class=\"elementor-column elementor-col-50 elementor-top-column elementor-element elementor-element-2a60502e\" data-id=\"2a60502e\" data-element_type=\"column\" data-e-type=\"column\">\n\t\t\t<div class=\"elementor-widget-wrap elementor-element-populated\">\n\t\t\t\t\t\t<div class=\"elementor-element elementor-element-3325fda3 elementor-align-center elementor-widget elementor-widget-button\" data-id=\"3325fda3\" data-element_type=\"widget\" data-e-type=\"widget\" data-widget_type=\"button.default\">\n\t\t\t\t<div class=\"elementor-widget-container\">\n\t\t\t\t\t\t\t\t\t<div class=\"elementor-button-wrapper\">\n\t\t\t\t\t<a class=\"elementor-button elementor-button-link elementor-size-xs\" href=\"https:\/\/sinergos.org\/wp-content\/uploads\/2021\/07\/SINERGOS_Politica_de_PRIVACIDAD.pdf\" target=\"_blank\">\n\t\t\t\t\t\t<span class=\"elementor-button-content-wrapper\">\n\t\t\t\t\t\t\t\t\t<span class=\"elementor-button-text\">POL\u00cdTICA PRIVACIDAD<\/span>\n\t\t\t\t\t<\/span>\n\t\t\t\t\t<\/a>\n\t\t\t\t<\/div>\n\t\t\t\t\t\t\t\t<\/div>\n\t\t\t\t<\/div>\n\t\t\t\t\t<\/div>\n\t\t<\/div>\n\t\t\t\t\t<\/div>\n\t\t<\/section>\n\t\t\t\t<\/div>\n\t\t","protected":false},"excerpt":{"rendered":"<p>(12\/02\/2026) Oferta de consultor\u00eda: Evaluaci\u00f3n final en los campamentos saharauis Desde Sinergos abrimos convocatoria para la contrataci\u00f3n de una consultor\u00eda externa que realice la evaluaci\u00f3n final del proyecto \u201cTrabajo y Dignidad en los CPRS Saharauis\u201d, financiado por AEXCID y desarrollado en los campamentos de poblaci\u00f3n refugiada saharaui en Tinduf (Argelia). La evaluaci\u00f3n tendr\u00e1 un enfoque &#8230; <a title=\"Oferta TDR evaluaci\u00f3n campos de refugiados saharauis\" class=\"read-more\" href=\"https:\/\/sinergos.org\/index.php\/oferta-tdr-evaluacion-campos-de-refugiados-saharauis\/\" aria-label=\"Leer m\u00e1s sobre Oferta TDR evaluaci\u00f3n campos de refugiados saharauis\">Leer m\u00e1s<\/a><\/p>\n","protected":false},"author":1,"featured_media":0,"parent":0,"menu_order":0,"comment_status":"closed","ping_status":"closed","template":"","meta":{"_monsterinsights_skip_tracking":false,"_monsterinsights_sitenote_active":false,"_monsterinsights_sitenote_note":"","_monsterinsights_sitenote_category":0,"footnotes":""},"class_list":["post-3444","page","type-page","status-publish"],"aioseo_notices":[],"_links":{"self":[{"href":"https:\/\/sinergos.org\/index.php\/wp-json\/wp\/v2\/pages\/3444","targetHints":{"allow":["GET"]}}],"collection":[{"href":"https:\/\/sinergos.org\/index.php\/wp-json\/wp\/v2\/pages"}],"about":[{"href":"https:\/\/sinergos.org\/index.php\/wp-json\/wp\/v2\/types\/page"}],"author":[{"embeddable":true,"href":"https:\/\/sinergos.org\/index.php\/wp-json\/wp\/v2\/users\/1"}],"replies":[{"embeddable":true,"href":"https:\/\/sinergos.org\/index.php\/wp-json\/wp\/v2\/comments?post=3444"}],"version-history":[{"count":13,"href":"https:\/\/sinergos.org\/index.php\/wp-json\/wp\/v2\/pages\/3444\/revisions"}],"predecessor-version":[{"id":3469,"href":"https:\/\/sinergos.org\/index.php\/wp-json\/wp\/v2\/pages\/3444\/revisions\/3469"}],"wp:attachment":[{"href":"https:\/\/sinergos.org\/index.php\/wp-json\/wp\/v2\/media?parent=3444"}],"curies":[{"name":"wp","href":"https:\/\/api.w.org\/{rel}","templated":true}]}}