{"id":517,"date":"2020-07-10T17:46:50","date_gmt":"2020-07-10T17:46:50","guid":{"rendered":"http:\/\/sinergos.org\/?page_id=517"},"modified":"2026-04-18T12:11:05","modified_gmt":"2026-04-18T12:11:05","slug":"participa","status":"publish","type":"page","link":"https:\/\/sinergos.org\/index.php\/participa\/","title":{"rendered":"PARTICIPA"},"content":{"rendered":"\t\t<div data-elementor-type=\"wp-page\" data-elementor-id=\"517\" class=\"elementor elementor-517\">\n\t\t\t\t\t\t<section class=\"elementor-section elementor-top-section elementor-element elementor-element-a01f35b elementor-section-boxed elementor-section-height-default elementor-section-height-default\" data-id=\"a01f35b\" data-element_type=\"section\" data-e-type=\"section\">\n\t\t\t\t\t\t<div class=\"elementor-container elementor-column-gap-default\">\n\t\t\t\t\t<div class=\"elementor-column elementor-col-100 elementor-top-column elementor-element elementor-element-8781e0b\" data-id=\"8781e0b\" data-element_type=\"column\" data-e-type=\"column\">\n\t\t\t<div class=\"elementor-widget-wrap elementor-element-populated\">\n\t\t\t\t\t\t<div class=\"elementor-element elementor-element-aa8684d elementor-widget elementor-widget-spacer\" data-id=\"aa8684d\" data-element_type=\"widget\" data-e-type=\"widget\" data-widget_type=\"spacer.default\">\n\t\t\t\t<div class=\"elementor-widget-container\">\n\t\t\t\t\t\t\t<div class=\"elementor-spacer\">\n\t\t\t<div class=\"elementor-spacer-inner\"><\/div>\n\t\t<\/div>\n\t\t\t\t\t\t<\/div>\n\t\t\t\t<\/div>\n\t\t\t\t\t<\/div>\n\t\t<\/div>\n\t\t\t\t\t<\/div>\n\t\t<\/section>\n\t\t\t\t<section class=\"elementor-section elementor-top-section elementor-element elementor-element-fc0faa8 elementor-section-boxed elementor-section-height-default elementor-section-height-default\" data-id=\"fc0faa8\" data-element_type=\"section\" data-e-type=\"section\">\n\t\t\t\t\t\t<div class=\"elementor-container elementor-column-gap-default\">\n\t\t\t\t\t<div class=\"elementor-column elementor-col-100 elementor-top-column elementor-element elementor-element-d2008c2\" data-id=\"d2008c2\" data-element_type=\"column\" data-e-type=\"column\">\n\t\t\t<div class=\"elementor-widget-wrap elementor-element-populated\">\n\t\t\t\t\t\t<div class=\"elementor-element elementor-element-155b5a3 elementor-widget elementor-widget-image\" data-id=\"155b5a3\" data-element_type=\"widget\" data-e-type=\"widget\" data-widget_type=\"image.default\">\n\t\t\t\t<div class=\"elementor-widget-container\">\n\t\t\t\t\t\t\t\t\t\t\t\t\t\t\t<img decoding=\"async\" src=\"https:\/\/sinergos.org\/wp-content\/uploads\/elementor\/thumbs\/2492241-scaled-p2m8zc71vbvwm126bplsjd8h3z62r6wcqck931ssdc.jpg\" title=\"2492241\" alt=\"Participa Sinergos\" loading=\"lazy\" \/>\t\t\t\t\t\t\t\t\t\t\t\t\t\t\t<\/div>\n\t\t\t\t<\/div>\n\t\t\t\t<div class=\"elementor-element elementor-element-32150df elementor-absolute elementor-widget elementor-widget-text-editor\" data-id=\"32150df\" data-element_type=\"widget\" data-e-type=\"widget\" data-settings=\"{&quot;_position&quot;:&quot;absolute&quot;}\" data-widget_type=\"text-editor.default\">\n\t\t\t\t<div class=\"elementor-widget-container\">\n\t\t\t\t\t\t\t\t\t<p>freepik.es<\/p>\t\t\t\t\t\t\t\t<\/div>\n\t\t\t\t<\/div>\n\t\t\t\t\t<\/div>\n\t\t<\/div>\n\t\t\t\t\t<\/div>\n\t\t<\/section>\n\t\t\t\t<section class=\"elementor-section elementor-top-section elementor-element elementor-element-448cfa0 elementor-section-boxed elementor-section-height-default elementor-section-height-default\" data-id=\"448cfa0\" data-element_type=\"section\" data-e-type=\"section\">\n\t\t\t\t\t\t<div class=\"elementor-container elementor-column-gap-default\">\n\t\t\t\t\t<div class=\"elementor-column elementor-col-100 elementor-top-column elementor-element elementor-element-78a5a40\" data-id=\"78a5a40\" data-element_type=\"column\" data-e-type=\"column\">\n\t\t\t<div class=\"elementor-widget-wrap elementor-element-populated\">\n\t\t\t\t\t\t<div class=\"elementor-element elementor-element-8e50cf6 elementor-widget elementor-widget-spacer\" data-id=\"8e50cf6\" data-element_type=\"widget\" data-e-type=\"widget\" data-widget_type=\"spacer.default\">\n\t\t\t\t<div class=\"elementor-widget-container\">\n\t\t\t\t\t\t\t<div class=\"elementor-spacer\">\n\t\t\t<div class=\"elementor-spacer-inner\"><\/div>\n\t\t<\/div>\n\t\t\t\t\t\t<\/div>\n\t\t\t\t<\/div>\n\t\t\t\t\t<\/div>\n\t\t<\/div>\n\t\t\t\t\t<\/div>\n\t\t<\/section>\n\t\t\t\t<section class=\"elementor-section elementor-top-section elementor-element elementor-element-144443f elementor-section-boxed elementor-section-height-default elementor-section-height-default\" data-id=\"144443f\" data-element_type=\"section\" data-e-type=\"section\">\n\t\t\t\t\t\t<div class=\"elementor-container elementor-column-gap-default\">\n\t\t\t\t\t<div class=\"elementor-column elementor-col-100 elementor-top-column elementor-element elementor-element-792b9f7\" data-id=\"792b9f7\" data-element_type=\"column\" data-e-type=\"column\">\n\t\t\t<div class=\"elementor-widget-wrap elementor-element-populated\">\n\t\t\t\t\t\t<div class=\"elementor-element elementor-element-b65a574 elementor-widget elementor-widget-heading\" data-id=\"b65a574\" data-element_type=\"widget\" data-e-type=\"widget\" id=\"enlace_bot\u00f3n\" data-widget_type=\"heading.default\">\n\t\t\t\t<div class=\"elementor-widget-container\">\n\t\t\t\t\t<h1 class=\"elementor-heading-title elementor-size-default\">Voluntariado<\/h1>\t\t\t\t<\/div>\n\t\t\t\t<\/div>\n\t\t\t\t<div class=\"elementor-element elementor-element-75773f6 elementor-widget elementor-widget-text-editor\" data-id=\"75773f6\" data-element_type=\"widget\" data-e-type=\"widget\" data-widget_type=\"text-editor.default\">\n\t\t\t\t<div class=\"elementor-widget-container\">\n\t\t\t\t\t\t\t\t\t<p>Estamos<span style=\"color: #333333;\"> trabajando en nuestro <b>plan de voluntariado<\/b> porque queremos que m\u00e1s personas se impliquen en nuestras acciones, pero sobre todo, queremos hacer las cosas bien.\u00a0<\/span>Contratamos nuestro <b>seguro de responsabilidad civil con una aseguradora \u00e9tica<\/b>.<\/p>\t\t\t\t\t\t\t\t<\/div>\n\t\t\t\t<\/div>\n\t\t\t\t<div class=\"elementor-element elementor-element-26c739d elementor-widget elementor-widget-spacer\" data-id=\"26c739d\" data-element_type=\"widget\" data-e-type=\"widget\" data-widget_type=\"spacer.default\">\n\t\t\t\t<div class=\"elementor-widget-container\">\n\t\t\t\t\t\t\t<div class=\"elementor-spacer\">\n\t\t\t<div class=\"elementor-spacer-inner\"><\/div>\n\t\t<\/div>\n\t\t\t\t\t\t<\/div>\n\t\t\t\t<\/div>\n\t\t\t\t<div class=\"elementor-element elementor-element-92a5205 elementor-widget elementor-widget-heading\" data-id=\"92a5205\" data-element_type=\"widget\" data-e-type=\"widget\" data-widget_type=\"heading.default\">\n\t\t\t\t<div class=\"elementor-widget-container\">\n\t\t\t\t\t<h1 class=\"elementor-heading-title elementor-size-default\">As\u00f3ciate<\/h1>\t\t\t\t<\/div>\n\t\t\t\t<\/div>\n\t\t\t\t<div class=\"elementor-element elementor-element-e00a490 elementor-widget elementor-widget-text-editor\" data-id=\"e00a490\" data-element_type=\"widget\" data-e-type=\"widget\" data-widget_type=\"text-editor.default\">\n\t\t\t\t<div class=\"elementor-widget-container\">\n\t\t\t\t\t\t\t\t\t<p>Si tras conocernos mejor al navegar por nuestra web &#8211; despu\u00e9s de leer nuestros estatutos, ver nuestras \u00e1reas de trabajo y revisar nuestros proyectos- quieres formar parte de <b>Sinergos<\/b>, cont\u00e1ctanos <a href=\"https:\/\/docs.google.com\/forms\/d\/e\/1FAIpQLSdwCjaYjUZmxs1b_shhUC6cB1FiCQDNlSRsLk8d1mOy7lgXNg\/viewform?usp=sf_link\"><b>aqu\u00ed<\/b><\/a>.\u00a0<\/p><p>Nosotras nos pondremos en contacto contigo para que podamos conocernos mejor, si es posible en persona, para ver en qu\u00e9 quieres y puedes aportar y recabar los datos necesarios.\u00a0<\/p>\t\t\t\t\t\t\t\t<\/div>\n\t\t\t\t<\/div>\n\t\t\t\t<div class=\"elementor-element elementor-element-51c602e elementor-widget elementor-widget-spacer\" data-id=\"51c602e\" data-element_type=\"widget\" data-e-type=\"widget\" data-widget_type=\"spacer.default\">\n\t\t\t\t<div class=\"elementor-widget-container\">\n\t\t\t\t\t\t\t<div class=\"elementor-spacer\">\n\t\t\t<div class=\"elementor-spacer-inner\"><\/div>\n\t\t<\/div>\n\t\t\t\t\t\t<\/div>\n\t\t\t\t<\/div>\n\t\t\t\t<div class=\"elementor-element elementor-element-f324867 elementor-widget elementor-widget-heading\" data-id=\"f324867\" data-element_type=\"widget\" data-e-type=\"widget\" data-widget_type=\"heading.default\">\n\t\t\t\t<div class=\"elementor-widget-container\">\n\t\t\t\t\t<h1 class=\"elementor-heading-title elementor-size-default\">Dona<\/h1>\t\t\t\t<\/div>\n\t\t\t\t<\/div>\n\t\t\t\t<div class=\"elementor-element elementor-element-3cdc336 elementor-widget elementor-widget-text-editor\" data-id=\"3cdc336\" data-element_type=\"widget\" data-e-type=\"widget\" data-widget_type=\"text-editor.default\">\n\t\t\t\t<div class=\"elementor-widget-container\">\n\t\t\t\t\t\t\t\t\t<p>Si te gusta lo que hacemos y quieres ayudarnos con una aportaci\u00f3n econ\u00f3mica que nos ayude a sostener nuestra asociaci\u00f3n, puedes hacer una <b>donaci\u00f3n <\/b>a la siguiente cuenta bancaria.\u00a0<\/p><p style=\"text-align: center;\"><span style=\"color: var( --e-global-color-text ); letter-spacing: 0px; text-align: center;\">IBAN: ES69 1491 0001 2230 0013 0050<\/span><\/p><p style=\"text-align: left;\"><span style=\"color: var( --e-global-color-text ); letter-spacing: 0px;\">\u00a1Trabajamos con banca \u00e9tica porque creemos que el cambio comienza en cada persona!\u00a0<\/span><span style=\"color: var( --e-global-color-text ); letter-spacing: 0px;\">La transparencia es nuestro mayor principio, por eso, finalizado el a\u00f1o fiscal haremos p\u00fablicas nuestras cuentas.<\/span><\/p>\t\t\t\t\t\t\t\t<\/div>\n\t\t\t\t<\/div>\n\t\t\t\t<div class=\"elementor-element elementor-element-e7f0ecb elementor-widget elementor-widget-spacer\" data-id=\"e7f0ecb\" data-element_type=\"widget\" data-e-type=\"widget\" data-widget_type=\"spacer.default\">\n\t\t\t\t<div class=\"elementor-widget-container\">\n\t\t\t\t\t\t\t<div class=\"elementor-spacer\">\n\t\t\t<div class=\"elementor-spacer-inner\"><\/div>\n\t\t<\/div>\n\t\t\t\t\t\t<\/div>\n\t\t\t\t<\/div>\n\t\t\t\t\t<\/div>\n\t\t<\/div>\n\t\t\t\t\t<\/div>\n\t\t<\/section>\n\t\t\t\t<section class=\"elementor-section elementor-top-section elementor-element elementor-element-007f899 elementor-section-boxed elementor-section-height-default elementor-section-height-default\" data-id=\"007f899\" data-element_type=\"section\" data-e-type=\"section\">\n\t\t\t\t\t\t<div class=\"elementor-container elementor-column-gap-default\">\n\t\t\t\t\t<div class=\"elementor-column elementor-col-50 elementor-top-column elementor-element elementor-element-d9ec775\" data-id=\"d9ec775\" data-element_type=\"column\" data-e-type=\"column\">\n\t\t\t<div class=\"elementor-widget-wrap elementor-element-populated\">\n\t\t\t\t\t\t<div class=\"elementor-element elementor-element-9e21b1e elementor-widget elementor-widget-heading\" data-id=\"9e21b1e\" data-element_type=\"widget\" data-e-type=\"widget\" data-widget_type=\"heading.default\">\n\t\t\t\t<div class=\"elementor-widget-container\">\n\t\t\t\t\t<h1 class=\"elementor-heading-title elementor-size-default\">S\u00famate por 1\u20ac al mes<\/h1>\t\t\t\t<\/div>\n\t\t\t\t<\/div>\n\t\t\t\t<div class=\"elementor-element elementor-element-29cb771 elementor-widget elementor-widget-text-editor\" data-id=\"29cb771\" data-element_type=\"widget\" data-e-type=\"widget\" data-widget_type=\"text-editor.default\">\n\t\t\t\t<div class=\"elementor-widget-container\">\n\t\t\t\t\t\t\t\t\t<p>Con solo 1\u20ac al mes puedes ayudarnos a seguir impulsando proyectos sociales, culturales y de cooperaci\u00f3n. Tu apoyo, por peque\u00f1o que parezca, genera un impacto real.<\/p>\t\t\t\t\t\t\t\t<\/div>\n\t\t\t\t<\/div>\n\t\t\t\t<div class=\"elementor-element elementor-element-dd11b40 elementor-align-center elementor-widget elementor-widget-button\" data-id=\"dd11b40\" data-element_type=\"widget\" data-e-type=\"widget\" data-widget_type=\"button.default\">\n\t\t\t\t<div class=\"elementor-widget-container\">\n\t\t\t\t\t\t\t\t\t<div class=\"elementor-button-wrapper\">\n\t\t\t\t\t<a class=\"elementor-button elementor-button-link elementor-size-sm\" href=\"https:\/\/www.teaming.net\/sinergos-accionsocialycooperacion\" target=\"_blank\">\n\t\t\t\t\t\t<span class=\"elementor-button-content-wrapper\">\n\t\t\t\t\t\t\t\t\t<span class=\"elementor-button-text\">\u00danete a nuestro Teaming<\/span>\n\t\t\t\t\t<\/span>\n\t\t\t\t\t<\/a>\n\t\t\t\t<\/div>\n\t\t\t\t\t\t\t\t<\/div>\n\t\t\t\t<\/div>\n\t\t\t\t\t<\/div>\n\t\t<\/div>\n\t\t\t\t<div class=\"elementor-column elementor-col-50 elementor-top-column elementor-element elementor-element-423f978\" data-id=\"423f978\" data-element_type=\"column\" data-e-type=\"column\">\n\t\t\t<div class=\"elementor-widget-wrap elementor-element-populated\">\n\t\t\t\t\t\t<div class=\"elementor-element elementor-element-11021ca elementor-widget__width-initial elementor-widget elementor-widget-image\" data-id=\"11021ca\" data-element_type=\"widget\" data-e-type=\"widget\" data-widget_type=\"image.default\">\n\t\t\t\t<div class=\"elementor-widget-container\">\n\t\t\t\t\t\t\t\t\t\t\t\t\t\t\t<img fetchpriority=\"high\" decoding=\"async\" width=\"300\" height=\"300\" src=\"https:\/\/sinergos.org\/wp-content\/uploads\/2026\/04\/sahara_tallermujeres2-300x300.jpeg\" class=\"attachment-medium size-medium wp-image-3531\" alt=\"\" srcset=\"https:\/\/sinergos.org\/wp-content\/uploads\/2026\/04\/sahara_tallermujeres2-300x300.jpeg 300w, https:\/\/sinergos.org\/wp-content\/uploads\/2026\/04\/sahara_tallermujeres2-150x150.jpeg 150w, https:\/\/sinergos.org\/wp-content\/uploads\/2026\/04\/sahara_tallermujeres2-768x768.jpeg 768w, https:\/\/sinergos.org\/wp-content\/uploads\/2026\/04\/sahara_tallermujeres2.jpeg 1024w\" sizes=\"(max-width: 300px) 100vw, 300px\" \/>\t\t\t\t\t\t\t\t\t\t\t\t\t\t\t<\/div>\n\t\t\t\t<\/div>\n\t\t\t\t\t<\/div>\n\t\t<\/div>\n\t\t\t\t\t<\/div>\n\t\t<\/section>\n\t\t\t\t<section class=\"elementor-section elementor-top-section elementor-element elementor-element-58d1685 elementor-section-boxed elementor-section-height-default elementor-section-height-default\" data-id=\"58d1685\" data-element_type=\"section\" data-e-type=\"section\">\n\t\t\t\t\t\t<div class=\"elementor-container elementor-column-gap-default\">\n\t\t\t\t\t<div class=\"elementor-column elementor-col-100 elementor-top-column elementor-element elementor-element-c8bad58\" data-id=\"c8bad58\" data-element_type=\"column\" data-e-type=\"column\">\n\t\t\t<div class=\"elementor-widget-wrap\">\n\t\t\t\t\t\t\t<\/div>\n\t\t<\/div>\n\t\t\t\t\t<\/div>\n\t\t<\/section>\n\t\t\t\t<section class=\"elementor-section elementor-top-section elementor-element elementor-element-1e1cebc elementor-section-boxed elementor-section-height-default elementor-section-height-default\" data-id=\"1e1cebc\" data-element_type=\"section\" data-e-type=\"section\">\n\t\t\t\t\t\t<div class=\"elementor-container elementor-column-gap-default\">\n\t\t\t\t\t<div class=\"elementor-column elementor-col-100 elementor-top-column elementor-element elementor-element-394c638\" data-id=\"394c638\" data-element_type=\"column\" data-e-type=\"column\">\n\t\t\t<div class=\"elementor-widget-wrap elementor-element-populated\">\n\t\t\t\t\t\t<div class=\"elementor-element elementor-element-20a0560 elementor-shape-circle elementor-grid-0 e-grid-align-center elementor-widget elementor-widget-social-icons\" data-id=\"20a0560\" data-element_type=\"widget\" data-e-type=\"widget\" data-widget_type=\"social-icons.default\">\n\t\t\t\t<div class=\"elementor-widget-container\">\n\t\t\t\t\t\t\t<div class=\"elementor-social-icons-wrapper elementor-grid\" role=\"list\">\n\t\t\t\t\t\t\t<span class=\"elementor-grid-item\" role=\"listitem\">\n\t\t\t\t\t<a class=\"elementor-icon elementor-social-icon elementor-social-icon-instagram elementor-animation-grow elementor-repeater-item-728e522\" href=\"https:\/\/instagram.com\/ongdsinergos?igshid=2pqjf4qwzu2t\" target=\"_blank\">\n\t\t\t\t\t\t<span class=\"elementor-screen-only\">Instagram<\/span>\n\t\t\t\t\t\t<i aria-hidden=\"true\" class=\"fab fa-instagram\"><\/i>\t\t\t\t\t<\/a>\n\t\t\t\t<\/span>\n\t\t\t\t\t\t\t<span class=\"elementor-grid-item\" role=\"listitem\">\n\t\t\t\t\t<a class=\"elementor-icon elementor-social-icon elementor-social-icon-facebook elementor-animation-grow elementor-repeater-item-f30516b\" href=\"https:\/\/www.facebook.com\/ONGDSinergos\/?__xts__%5B0%5D=68.ARBwCKTEG6YgAzKRDRrWfrAoM9T-NnxSKiOIpnDOXA0FjeAcDEpf1zqzSlzcAl59PpKnU-QqSxb0oaOrqu9ZIdfwoCiSWIG0gZ4Urh6RjzzgNkI0GY49lbvOfFcOoG_r0yLvtTrmOby8eG3TTIIH-nI-um3thUUAz2UCgVmETpfWRghNBOxXDF4wQfYDPGHE4ecyY55hhktlZv1cnoWwhNOB1Tm4CDjAv3LF2V7WTpvyktt3YnnFvrfC53iyHimROLW8Q0DQN2AhqWxUVYjKSv39xDzk2RNWsn-XSTmbqXBWjj7drju97c_NAM_Pvmuz4i20CDT_ql2id5kdV_ojQXImKtOsn-gQoqUzBM_y-7RdFvEUaWsASRRe3MgJvRPZ4m3gsDo0JbJ5KG2VNdk6-iz7DW1pTeLcD-dBicm85SZK3r0L4sueRaSoMHC2WWIRfnDOcEFdGBkd8QcBiJN3GvwxmJoh4dvDGfycnK0RfQfsLRvXP7XQ6tZeW4ah\" target=\"_blank\">\n\t\t\t\t\t\t<span class=\"elementor-screen-only\">Facebook<\/span>\n\t\t\t\t\t\t<i aria-hidden=\"true\" class=\"fab fa-facebook\"><\/i>\t\t\t\t\t<\/a>\n\t\t\t\t<\/span>\n\t\t\t\t\t\t\t<span class=\"elementor-grid-item\" role=\"listitem\">\n\t\t\t\t\t<a class=\"elementor-icon elementor-social-icon elementor-social-icon-twitter elementor-animation-grow elementor-repeater-item-8764f20\" href=\"https:\/\/twitter.com\/dsinergos\" target=\"_blank\">\n\t\t\t\t\t\t<span class=\"elementor-screen-only\">Twitter<\/span>\n\t\t\t\t\t\t<i aria-hidden=\"true\" class=\"fab fa-twitter\"><\/i>\t\t\t\t\t<\/a>\n\t\t\t\t<\/span>\n\t\t\t\t\t<\/div>\n\t\t\t\t\t\t<\/div>\n\t\t\t\t<\/div>\n\t\t\t\t<div class=\"elementor-element elementor-element-226a2c0 elementor-widget elementor-widget-spacer\" data-id=\"226a2c0\" data-element_type=\"widget\" data-e-type=\"widget\" data-widget_type=\"spacer.default\">\n\t\t\t\t<div class=\"elementor-widget-container\">\n\t\t\t\t\t\t\t<div class=\"elementor-spacer\">\n\t\t\t<div class=\"elementor-spacer-inner\"><\/div>\n\t\t<\/div>\n\t\t\t\t\t\t<\/div>\n\t\t\t\t<\/div>\n\t\t\t\t\t<\/div>\n\t\t<\/div>\n\t\t\t\t\t<\/div>\n\t\t<\/section>\n\t\t\t\t<section class=\"elementor-section elementor-top-section elementor-element elementor-element-32d76c5 elementor-section-boxed elementor-section-height-default elementor-section-height-default\" data-id=\"32d76c5\" data-element_type=\"section\" data-e-type=\"section\">\n\t\t\t\t\t\t<div class=\"elementor-container elementor-column-gap-default\">\n\t\t\t\t\t<div class=\"elementor-column elementor-col-100 elementor-top-column elementor-element elementor-element-71effec\" data-id=\"71effec\" data-element_type=\"column\" data-e-type=\"column\">\n\t\t\t<div class=\"elementor-widget-wrap elementor-element-populated\">\n\t\t\t\t\t\t<div class=\"elementor-element elementor-element-25c50c3 elementor-hidden-phone elementor-widget elementor-widget-image\" data-id=\"25c50c3\" data-element_type=\"widget\" data-e-type=\"widget\" data-widget_type=\"image.default\">\n\t\t\t\t<div class=\"elementor-widget-container\">\n\t\t\t\t\t\t\t\t\t\t\t\t\t\t\t\t<a href=\"https:\/\/sinergos.org\/index.php\/home\/\">\n\t\t\t\t\t\t\t<img decoding=\"async\" width=\"1024\" height=\"676\" src=\"https:\/\/sinergos.org\/wp-content\/uploads\/2021\/02\/cropped-Logo-Sinergos-sin-texto-1024x676.png\" class=\"elementor-animation-grow attachment-large size-large wp-image-762\" alt=\"\" srcset=\"https:\/\/sinergos.org\/wp-content\/uploads\/2021\/02\/cropped-Logo-Sinergos-sin-texto-1024x676.png 1024w, https:\/\/sinergos.org\/wp-content\/uploads\/2021\/02\/cropped-Logo-Sinergos-sin-texto-300x198.png 300w, https:\/\/sinergos.org\/wp-content\/uploads\/2021\/02\/cropped-Logo-Sinergos-sin-texto-768x507.png 768w, https:\/\/sinergos.org\/wp-content\/uploads\/2021\/02\/cropped-Logo-Sinergos-sin-texto-640x423.png 640w, https:\/\/sinergos.org\/wp-content\/uploads\/2021\/02\/elementor\/thumbs\/cropped-Logo-Sinergos-sin-texto-p2a2651gylg6ckz4t3ao1x7f2y5i9ys03b42i45yno.png 75w, https:\/\/sinergos.org\/wp-content\/uploads\/2021\/02\/cropped-Logo-Sinergos-sin-texto.png 1110w\" sizes=\"(max-width: 1024px) 100vw, 1024px\" \/>\t\t\t\t\t\t\t\t<\/a>\n\t\t\t\t\t\t\t\t\t\t\t\t\t\t\t<\/div>\n\t\t\t\t<\/div>\n\t\t\t\t\t<\/div>\n\t\t<\/div>\n\t\t\t\t\t<\/div>\n\t\t<\/section>\n\t\t\t\t<section class=\"elementor-section elementor-top-section elementor-element elementor-element-5fb848e elementor-section-boxed elementor-section-height-default elementor-section-height-default\" data-id=\"5fb848e\" data-element_type=\"section\" data-e-type=\"section\">\n\t\t\t\t\t\t<div class=\"elementor-container elementor-column-gap-default\">\n\t\t\t\t\t<div class=\"elementor-column elementor-col-100 elementor-top-column elementor-element elementor-element-4130944\" data-id=\"4130944\" data-element_type=\"column\" data-e-type=\"column\">\n\t\t\t<div class=\"elementor-widget-wrap elementor-element-populated\">\n\t\t\t\t\t\t<div class=\"elementor-element elementor-element-6a0f46e elementor-widget elementor-widget-spacer\" data-id=\"6a0f46e\" data-element_type=\"widget\" data-e-type=\"widget\" data-widget_type=\"spacer.default\">\n\t\t\t\t<div class=\"elementor-widget-container\">\n\t\t\t\t\t\t\t<div class=\"elementor-spacer\">\n\t\t\t<div class=\"elementor-spacer-inner\"><\/div>\n\t\t<\/div>\n\t\t\t\t\t\t<\/div>\n\t\t\t\t<\/div>\n\t\t\t\t\t<\/div>\n\t\t<\/div>\n\t\t\t\t\t<\/div>\n\t\t<\/section>\n\t\t\t\t<section class=\"elementor-section elementor-top-section elementor-element elementor-element-557eb9b elementor-section-boxed elementor-section-height-default elementor-section-height-default\" data-id=\"557eb9b\" data-element_type=\"section\" data-e-type=\"section\" data-settings=\"{&quot;background_background&quot;:&quot;classic&quot;}\">\n\t\t\t\t\t\t<div class=\"elementor-container elementor-column-gap-default\">\n\t\t\t\t\t<div class=\"elementor-column elementor-col-50 elementor-top-column elementor-element elementor-element-ec5ef66\" data-id=\"ec5ef66\" data-element_type=\"column\" data-e-type=\"column\">\n\t\t\t<div class=\"elementor-widget-wrap elementor-element-populated\">\n\t\t\t\t\t\t<div class=\"elementor-element elementor-element-0d911d6 elementor-align-center elementor-widget elementor-widget-button\" data-id=\"0d911d6\" data-element_type=\"widget\" data-e-type=\"widget\" data-widget_type=\"button.default\">\n\t\t\t\t<div class=\"elementor-widget-container\">\n\t\t\t\t\t\t\t\t\t<div class=\"elementor-button-wrapper\">\n\t\t\t\t\t<a class=\"elementor-button elementor-button-link elementor-size-xs\" href=\"https:\/\/sinergos.org\/wp-content\/uploads\/2021\/07\/SINERGOS_Aviso_legal_cookies_analiticas.pdf\" target=\"_blank\">\n\t\t\t\t\t\t<span class=\"elementor-button-content-wrapper\">\n\t\t\t\t\t\t\t\t\t<span class=\"elementor-button-text\">AVISO LEGAL<\/span>\n\t\t\t\t\t<\/span>\n\t\t\t\t\t<\/a>\n\t\t\t\t<\/div>\n\t\t\t\t\t\t\t\t<\/div>\n\t\t\t\t<\/div>\n\t\t\t\t\t<\/div>\n\t\t<\/div>\n\t\t\t\t<div class=\"elementor-column elementor-col-50 elementor-top-column elementor-element elementor-element-ef8a1a1\" data-id=\"ef8a1a1\" data-element_type=\"column\" data-e-type=\"column\">\n\t\t\t<div class=\"elementor-widget-wrap elementor-element-populated\">\n\t\t\t\t\t\t<div class=\"elementor-element elementor-element-e1302a0 elementor-align-center elementor-widget elementor-widget-button\" data-id=\"e1302a0\" data-element_type=\"widget\" data-e-type=\"widget\" data-widget_type=\"button.default\">\n\t\t\t\t<div class=\"elementor-widget-container\">\n\t\t\t\t\t\t\t\t\t<div class=\"elementor-button-wrapper\">\n\t\t\t\t\t<a class=\"elementor-button elementor-button-link elementor-size-xs\" href=\"https:\/\/sinergos.org\/wp-content\/uploads\/2021\/07\/SINERGOS_Politica_de_PRIVACIDAD.pdf\" target=\"_blank\">\n\t\t\t\t\t\t<span class=\"elementor-button-content-wrapper\">\n\t\t\t\t\t\t\t\t\t<span class=\"elementor-button-text\">POL\u00cdTICA PRIVACIDAD<\/span>\n\t\t\t\t\t<\/span>\n\t\t\t\t\t<\/a>\n\t\t\t\t<\/div>\n\t\t\t\t\t\t\t\t<\/div>\n\t\t\t\t<\/div>\n\t\t\t\t\t<\/div>\n\t\t<\/div>\n\t\t\t\t\t<\/div>\n\t\t<\/section>\n\t\t\t\t<\/div>\n\t\t","protected":false},"excerpt":{"rendered":"<p>freepik.es Voluntariado Estamos trabajando en nuestro plan de voluntariado porque queremos que m\u00e1s personas se impliquen en nuestras acciones, pero sobre todo, queremos hacer las cosas bien.\u00a0Contratamos nuestro seguro de responsabilidad civil con una aseguradora \u00e9tica. As\u00f3ciate Si tras conocernos mejor al navegar por nuestra web &#8211; despu\u00e9s de leer nuestros estatutos, ver nuestras \u00e1reas &#8230; <a title=\"PARTICIPA\" class=\"read-more\" href=\"https:\/\/sinergos.org\/index.php\/participa\/\" aria-label=\"Leer m\u00e1s sobre PARTICIPA\">Leer m\u00e1s<\/a><\/p>\n","protected":false},"author":2,"featured_media":0,"parent":0,"menu_order":0,"comment_status":"closed","ping_status":"closed","template":"","meta":{"_monsterinsights_skip_tracking":false,"_monsterinsights_sitenote_active":false,"_monsterinsights_sitenote_note":"","_monsterinsights_sitenote_category":0,"footnotes":""},"class_list":["post-517","page","type-page","status-publish"],"aioseo_notices":[],"_links":{"self":[{"href":"https:\/\/sinergos.org\/index.php\/wp-json\/wp\/v2\/pages\/517","targetHints":{"allow":["GET"]}}],"collection":[{"href":"https:\/\/sinergos.org\/index.php\/wp-json\/wp\/v2\/pages"}],"about":[{"href":"https:\/\/sinergos.org\/index.php\/wp-json\/wp\/v2\/types\/page"}],"author":[{"embeddable":true,"href":"https:\/\/sinergos.org\/index.php\/wp-json\/wp\/v2\/users\/2"}],"replies":[{"embeddable":true,"href":"https:\/\/sinergos.org\/index.php\/wp-json\/wp\/v2\/comments?post=517"}],"version-history":[{"count":65,"href":"https:\/\/sinergos.org\/index.php\/wp-json\/wp\/v2\/pages\/517\/revisions"}],"predecessor-version":[{"id":3637,"href":"https:\/\/sinergos.org\/index.php\/wp-json\/wp\/v2\/pages\/517\/revisions\/3637"}],"wp:attachment":[{"href":"https:\/\/sinergos.org\/index.php\/wp-json\/wp\/v2\/media?parent=517"}],"curies":[{"name":"wp","href":"https:\/\/api.w.org\/{rel}","templated":true}]}}