{"id":636,"date":"2020-07-29T11:41:15","date_gmt":"2020-07-29T11:41:15","guid":{"rendered":"http:\/\/sinergos.org\/?page_id=636"},"modified":"2021-07-10T10:08:31","modified_gmt":"2021-07-10T10:08:31","slug":"festival-tierras-en-danza","status":"publish","type":"page","link":"https:\/\/sinergos.org\/index.php\/festival-tierras-en-danza\/","title":{"rendered":"FESTIVAL TIERRAS EN DANZA"},"content":{"rendered":"\t\t<div data-elementor-type=\"wp-page\" data-elementor-id=\"636\" class=\"elementor elementor-636\">\n\t\t\t\t\t\t<section class=\"elementor-section elementor-top-section elementor-element elementor-element-7d90b6e6 elementor-section-boxed elementor-section-height-default elementor-section-height-default\" data-id=\"7d90b6e6\" data-element_type=\"section\" data-e-type=\"section\">\n\t\t\t\t\t\t<div class=\"elementor-container elementor-column-gap-default\">\n\t\t\t\t\t<div class=\"elementor-column elementor-col-100 elementor-top-column elementor-element elementor-element-1e7a65d1\" data-id=\"1e7a65d1\" data-element_type=\"column\" data-e-type=\"column\">\n\t\t\t<div class=\"elementor-widget-wrap elementor-element-populated\">\n\t\t\t\t\t\t<div class=\"elementor-element elementor-element-5defe7cb elementor-widget elementor-widget-text-editor\" data-id=\"5defe7cb\" data-element_type=\"widget\" data-e-type=\"widget\" data-widget_type=\"text-editor.default\">\n\t\t\t\t<div class=\"elementor-widget-container\">\n\t\t\t\t\t\t\t\t\t<p><\/p>\n<figure class=\"wp-block-image size-large\"><a href=\"http:\/\/tierrasendanza.es\/\"><img fetchpriority=\"high\" decoding=\"async\" width=\"1024\" height=\"721\" src=\"https:\/\/sinergos.org\/wp-content\/uploads\/2020\/07\/1595509464937_Tierras-en-danza-Programa-Festival-para-web-1024x721.jpg\" alt=\"Festival Tierras en Danza 2020 Ba\u00f1os de Montemayor\" class=\"wp-image-642\" srcset=\"https:\/\/sinergos.org\/wp-content\/uploads\/2020\/07\/1595509464937_Tierras-en-danza-Programa-Festival-para-web-1024x721.jpg 1024w, https:\/\/sinergos.org\/wp-content\/uploads\/2020\/07\/1595509464937_Tierras-en-danza-Programa-Festival-para-web-300x211.jpg 300w, https:\/\/sinergos.org\/wp-content\/uploads\/2020\/07\/1595509464937_Tierras-en-danza-Programa-Festival-para-web-768x541.jpg 768w, https:\/\/sinergos.org\/wp-content\/uploads\/2020\/07\/1595509464937_Tierras-en-danza-Programa-Festival-para-web-1536x1082.jpg 1536w, https:\/\/sinergos.org\/wp-content\/uploads\/2020\/07\/1595509464937_Tierras-en-danza-Programa-Festival-para-web-2048x1443.jpg 2048w\" sizes=\"(max-width: 1024px) 100vw, 1024px\" \/><\/a><p><\/p>\n<figcaption>Toda la informaci\u00f3n en la web <a href=\"http:\/\/tierrasendanza.es\/\">http:\/\/tierrasendanza.es\/<\/a><\/figcaption>\n<\/figure>\n<p><span style=\"color: var( --e-global-color-text ); font-family: var( --e-global-typography-primary-font-family ), Sans-serif;\">Realizado en paralelo al <\/span><a href=\"https:\/\/sinergos.org\/index.php\/encuentro-tierras-en-danza\/\" style=\"font-family: var( --e-global-typography-primary-font-family ), Sans-serif;\">Encuentro formativo de Tierras en Danza<\/a><span style=\"color: var( --e-global-color-text ); font-family: var( --e-global-typography-primary-font-family ), Sans-serif;\">, el festival del mismo nombre plantea un fin de semana dedicado a actuaciones y actividades gratuitas de danza contempor\u00e1nea en la localidad de Ba\u00f1os de Montemayor.<\/span><br><\/p>\n<p><span style=\"color: var( --e-global-color-text ); font-family: var( --e-global-typography-primary-font-family ), Sans-serif;\">Con el objetivo de establecer a<\/span><strong style=\"color: var( --e-global-color-text ); font-family: var( --e-global-typography-primary-font-family ), Sans-serif;\"> Extremadura como lugar de referencia de la danza contempor\u00e1nea<\/strong><span style=\"color: var( --e-global-color-text ); font-family: var( --e-global-typography-primary-font-family ), Sans-serif;\">, Tierras en Danza ha apostado por reunir a los amantes del movimiento en entornos naturales de innegable belleza y crear un espacio para la experimentaci\u00f3n y el disfrute, que difunde el valor del arte y los atractivos de la regi\u00f3n.<\/span><br><\/p>\n<p><span style=\"color: var( --e-global-color-text ); font-family: var( --e-global-typography-primary-font-family ), Sans-serif;\">El festival Tierras en Danza, que contaba con la colaboraci\u00f3n econ\u00f3mica del Ayuntamiento de Ba\u00f1os de Montemayor y la Diputaci\u00f3n de C\u00e1ceres (1.875,56\u20ac), <\/span><strong style=\"color: var( --e-global-color-text ); font-family: var( --e-global-typography-primary-font-family ), Sans-serif;\">acerc\u00f3 la disciplina de la danza contempor\u00e1nea a la ciudadan\u00eda <\/strong><span style=\"color: var( --e-global-color-text ); font-family: var( --e-global-typography-primary-font-family ), Sans-serif;\">representando un variado programa de obras de alta calidad en l<\/span><strong style=\"color: var( --e-global-color-text ); font-family: var( --e-global-typography-primary-font-family ), Sans-serif;\">ugares p\u00fablicos de manera gratuita.&nbsp;<\/strong><br><\/p>\n<p><span style=\"color: var( --e-global-color-text ); font-family: var( --e-global-typography-primary-font-family ), Sans-serif;\">Adem\u00e1s, dentro de la programaci\u00f3n se realizaron clases de danza contempor\u00e1nea, proyecciones de video-danza, coloquios con el p\u00fablico, talleres de improvisaci\u00f3n y un seminario, actividades con una clara intenci\u00f3n de divulgaci\u00f3n de esta forma de arte en el medio rural.<\/span><br><\/p>\n<p><span style=\"color: var( --e-global-color-text ); font-family: var( --e-global-typography-primary-font-family ), Sans-serif;\">El festival cont\u00f3 con las actuaciones de las compa\u00f1\u00edas de danza La Piel con \u201cEl beso de plata\u201d, <\/span><a href=\"http:\/\/nobautizados.com\/\" target=\"_blank\" rel=\"noreferrer noopener\" style=\"font-family: var( --e-global-typography-primary-font-family ), Sans-serif;\">No bautizados<\/a><span style=\"color: var( --e-global-color-text ); font-family: var( --e-global-typography-primary-font-family ), Sans-serif;\"> con \u201cLo invisible\u201d, <\/span><a href=\"http:\/\/quetalestas.es\/?page_id=26\" target=\"_blank\" rel=\"noreferrer noopener\" style=\"font-family: var( --e-global-typography-primary-font-family ), Sans-serif;\">Natalia Medina <\/a><span style=\"color: var( --e-global-color-text ); font-family: var( --e-global-typography-primary-font-family ), Sans-serif;\">con \u201cMONOTONY\u201d y los solos \u201cDon\u2019t look back\u201d de la australiana <\/span><a href=\"https:\/\/www.gaertnerplatztheater.de\/en\/personen\/vanessa-shield.html\" target=\"_blank\" rel=\"noreferrer noopener\" style=\"font-family: var( --e-global-typography-primary-font-family ), Sans-serif;\">Vanessa Shield<\/a><span style=\"color: var( --e-global-color-text ); font-family: var( --e-global-typography-primary-font-family ), Sans-serif;\"> y \u201cNINDA\u201d del extreme\u00f1o Luis Agorreta.&nbsp;<\/span><br><\/p>\n<p><span style=\"color: var( --e-global-color-text ); font-family: var( --e-global-typography-primary-font-family ), Sans-serif;\">Colaboraron en el proyecto: <\/span><a href=\"http:\/\/extremaduratrabaja.juntaex.es\/formacion_el_anillo\" target=\"_blank\" rel=\"noreferrer noopener\" style=\"font-family: var( --e-global-typography-primary-font-family ), Sans-serif;\">El Anillo, Centro de Innovaci\u00f3n Deportiva en el Medio Natural<\/a><span style=\"color: var( --e-global-color-text ); font-family: var( --e-global-typography-primary-font-family ), Sans-serif;\">; Ayuntamiento de Ba\u00f1os de Montemayor; <\/span><a href=\"https:\/\/www.dip-caceres.es\/\" target=\"_blank\" rel=\"noreferrer noopener\" style=\"font-family: var( --e-global-typography-primary-font-family ), Sans-serif;\">Diputaci\u00f3n de C\u00e1ceres<\/a><span style=\"color: var( --e-global-color-text ); font-family: var( --e-global-typography-primary-font-family ), Sans-serif;\">; <\/span><a href=\"http:\/\/www.solucioneswellness.com\/\" style=\"font-family: var( --e-global-typography-primary-font-family ), Sans-serif;\">Soluciones Wellness<\/a><span style=\"color: var( --e-global-color-text ); font-family: var( --e-global-typography-primary-font-family ), Sans-serif;\">; <\/span><a href=\"https:\/\/rcpdmariemma.com\/\" target=\"_blank\" rel=\"noreferrer noopener\" style=\"font-family: var( --e-global-typography-primary-font-family ), Sans-serif;\">Real Conservatorio Profesional de Danza \u201cMariemma\u201d<\/a><span style=\"color: var( --e-global-color-text ); font-family: var( --e-global-typography-primary-font-family ), Sans-serif;\">, <\/span><a href=\"http:\/\/www.cedercaparra.es\/es\/\" target=\"_blank\" rel=\"noreferrer noopener\" style=\"font-family: var( --e-global-typography-primary-font-family ), Sans-serif;\">Ceder C\u00e1parra.<\/a><br><\/p>\n<p><\/p>\n<p><\/p>\n<h3 class=\"wp-block-heading\">FOTOGRAF\u00cdAS <\/h3>\n<p><\/p>\n<p><\/p>\n<figure class=\"wp-block-gallery columns-0 is-cropped wp-block-gallery-2 is-layout-flex wp-block-gallery-is-layout-flex\">\n<ul class=\"blocks-gallery-grid\"><\/ul>\n<\/figure>\n<p><\/p>\n<p><\/p>\n<h3 class=\"wp-block-heading\">REPERCUSI\u00d3N EN MEDIOS Y REDES SOCIALES<\/h3>\n<p><\/p>\n<p><\/p>\n<div class=\"wp-block-columns is-layout-flex wp-container-core-columns-is-layout-9d6595d7 wp-block-columns-is-layout-flex\"><p><\/p>\n<div class=\"wp-block-column is-layout-flow wp-block-column-is-layout-flow\"><p><\/p>\n<div class=\"wp-block-image\">\n<figure class=\"aligncenter size-large\"><img decoding=\"async\" width=\"1024\" height=\"478\" src=\"https:\/\/sinergos.org\/wp-content\/uploads\/2020\/07\/planvex-1024x478.png\" alt=\"planve Festival Tierras en Danza\" class=\"wp-image-639\" srcset=\"https:\/\/sinergos.org\/wp-content\/uploads\/2020\/07\/planvex-1024x478.png 1024w, https:\/\/sinergos.org\/wp-content\/uploads\/2020\/07\/planvex-300x140.png 300w, https:\/\/sinergos.org\/wp-content\/uploads\/2020\/07\/planvex-768x358.png 768w, https:\/\/sinergos.org\/wp-content\/uploads\/2020\/07\/planvex.png 1419w\" sizes=\"(max-width: 1024px) 100vw, 1024px\" \/><p><\/p>\n<figcaption><a href=\"https:\/\/planvex.es\/web\/2020\/07\/banos-de-montemayor-sede-festival-tierras-en-danza-ambrozparati\/\" target=\"_blank\" rel=\"noreferrer noopener\">Plan Ve Gu\u00eda de Ocio de Extremadura<\/a><\/figcaption>\n<\/figure>\n<\/div>\n<p><\/p><\/div>\n<p><\/p>\n<p><\/p>\n<div class=\"wp-block-column is-layout-flow wp-block-column-is-layout-flow\"><p><\/p>\n<div class=\"wp-block-image\">\n<figure class=\"aligncenter size-large\"><img decoding=\"async\" width=\"1024\" height=\"660\" src=\"https:\/\/sinergos.org\/wp-content\/uploads\/2020\/07\/48-horas-magazine-1024x660.png\" alt=\"48 horas magazine Festival Tierras En Danza\" class=\"wp-image-637\" srcset=\"https:\/\/sinergos.org\/wp-content\/uploads\/2020\/07\/48-horas-magazine-1024x660.png 1024w, https:\/\/sinergos.org\/wp-content\/uploads\/2020\/07\/48-horas-magazine-300x193.png 300w, https:\/\/sinergos.org\/wp-content\/uploads\/2020\/07\/48-horas-magazine-768x495.png 768w, https:\/\/sinergos.org\/wp-content\/uploads\/2020\/07\/48-horas-magazine.png 1054w\" sizes=\"(max-width: 1024px) 100vw, 1024px\" \/><p><\/p>\n<figcaption><a href=\"https:\/\/48horasmagazine.com\/banos-de-montemayor-acogera-este-ano-el-festival-tierras-en-danza\/\" target=\"_blank\" rel=\"noreferrer noopener\">48 Horas Magazine<\/a><\/figcaption>\n<\/figure>\n<\/div>\n<p><\/p><\/div>\n<p><\/p>\n<p><\/p>\n<div class=\"wp-block-column is-layout-flow wp-block-column-is-layout-flow\"><p><\/p>\n<div class=\"wp-block-image\">\n<figure class=\"aligncenter size-large\"><img loading=\"lazy\" decoding=\"async\" width=\"899\" height=\"696\" src=\"https:\/\/sinergos.org\/wp-content\/uploads\/2020\/07\/panorama-extremadura.png\" alt=\"panorama extremadura Festival Tierras En Danza\" class=\"wp-image-638\" srcset=\"https:\/\/sinergos.org\/wp-content\/uploads\/2020\/07\/panorama-extremadura.png 899w, https:\/\/sinergos.org\/wp-content\/uploads\/2020\/07\/panorama-extremadura-300x232.png 300w, https:\/\/sinergos.org\/wp-content\/uploads\/2020\/07\/panorama-extremadura-768x595.png 768w\" sizes=\"(max-width: 899px) 100vw, 899px\" \/><p><\/p>\n<figcaption><a href=\"https:\/\/www.panoramaextremadura.es\/banos-de-montemayor-escenario-del-festival-tierras-en-danza\/\" target=\"_blank\" rel=\"noreferrer noopener\">Panorama Extremadura<\/a><\/figcaption>\n<\/figure>\n<\/div>\n<p><\/p><\/div>\n<p><\/p>\n<p><\/p>\n<div class=\"wp-block-column is-layout-flow wp-block-column-is-layout-flow\"><p><\/p>\n<div class=\"wp-block-image\">\n<figure class=\"aligncenter size-large\"><img loading=\"lazy\" decoding=\"async\" width=\"1024\" height=\"651\" src=\"https:\/\/sinergos.org\/wp-content\/uploads\/2020\/07\/Agenda-Sino-Se-Cancela-Festival-Tierras-en-Danza-1024x651.png\" alt=\"\" class=\"wp-image-640\" srcset=\"https:\/\/sinergos.org\/wp-content\/uploads\/2020\/07\/Agenda-Sino-Se-Cancela-Festival-Tierras-en-Danza-1024x651.png 1024w, https:\/\/sinergos.org\/wp-content\/uploads\/2020\/07\/Agenda-Sino-Se-Cancela-Festival-Tierras-en-Danza-300x191.png 300w, https:\/\/sinergos.org\/wp-content\/uploads\/2020\/07\/Agenda-Sino-Se-Cancela-Festival-Tierras-en-Danza-768x488.png 768w, https:\/\/sinergos.org\/wp-content\/uploads\/2020\/07\/Agenda-Sino-Se-Cancela-Festival-Tierras-en-Danza.png 1087w\" sizes=\"(max-width: 1024px) 100vw, 1024px\" \/><p><\/p>\n<figcaption><a href=\"https:\/\/www.sinosecancela.com\/extremadura\/events\/912198\/festival-de-danza-contemporanea-tierras-en-danza\" target=\"_blank\" rel=\"noreferrer noopener\">Agenda Sinosecancela<\/a><\/figcaption>\n<\/figure>\n<\/div>\n<p><\/p><\/div>\n<p><\/p>\n<p><\/p>\n<div class=\"wp-block-column is-layout-flow wp-block-column-is-layout-flow\"><p><\/p>\n<div class=\"wp-block-image\">\n<figure class=\"aligncenter size-large\"><img loading=\"lazy\" decoding=\"async\" width=\"957\" height=\"701\" src=\"https:\/\/sinergos.org\/wp-content\/uploads\/2020\/07\/La-Aldaba-Festival-Tierras-en-Danza.png\" alt=\"\" class=\"wp-image-641\" srcset=\"https:\/\/sinergos.org\/wp-content\/uploads\/2020\/07\/La-Aldaba-Festival-Tierras-en-Danza.png 957w, https:\/\/sinergos.org\/wp-content\/uploads\/2020\/07\/La-Aldaba-Festival-Tierras-en-Danza-300x220.png 300w, https:\/\/sinergos.org\/wp-content\/uploads\/2020\/07\/La-Aldaba-Festival-Tierras-en-Danza-768x563.png 768w\" sizes=\"(max-width: 957px) 100vw, 957px\" \/><p><\/p>\n<figcaption><a href=\"http:\/\/laaldaba.es\/%EF%BB%BFbanos-de-montemayor-escenario-del-festival-tierras-en-danza\/\" target=\"_blank\" rel=\"noreferrer noopener\">La Aldaba<\/a><\/figcaption>\n<\/figure>\n<\/div>\n<p><\/p><\/div>\n<p><\/p><\/div>\n<p><\/p>\n<p><\/p>\n<div class=\"wp-block-columns is-layout-flex wp-container-core-columns-is-layout-9d6595d7 wp-block-columns-is-layout-flex\"><p><\/p>\n<div class=\"wp-block-column is-layout-flow wp-block-column-is-layout-flow\"><p><\/p>\n<figure class=\"wp-block-image size-large\"><img loading=\"lazy\" decoding=\"async\" width=\"684\" height=\"1024\" src=\"https:\/\/sinergos.org\/wp-content\/uploads\/2020\/08\/Screenshot_20200817-122834_2-1-684x1024.png\" alt=\"panorama extremadura Festival y encuentro Tierras En Danza\" class=\"wp-image-646\" srcset=\"https:\/\/sinergos.org\/wp-content\/uploads\/2020\/08\/Screenshot_20200817-122834_2-1-684x1024.png 684w, https:\/\/sinergos.org\/wp-content\/uploads\/2020\/08\/Screenshot_20200817-122834_2-1-201x300.png 201w, https:\/\/sinergos.org\/wp-content\/uploads\/2020\/08\/Screenshot_20200817-122834_2-1-768x1149.png 768w, https:\/\/sinergos.org\/wp-content\/uploads\/2020\/08\/Screenshot_20200817-122834_2-1-1027x1536.png 1027w, https:\/\/sinergos.org\/wp-content\/uploads\/2020\/08\/Screenshot_20200817-122834_2-1.png 1050w\" sizes=\"(max-width: 684px) 100vw, 684px\" \/><p><\/p>\n<figcaption><a href=\"https:\/\/www.panoramaextremadura.es\/la-danza-contemporanea-llega-a-guijos-de-granadilla-y-banos-de-montemayor\/\" target=\"_blank\" rel=\"noreferrer noopener\">Panorama Extremadura<\/a><\/figcaption>\n<\/figure>\n<p><\/p><\/div>\n<p><\/p>\n<p><\/p>\n<div class=\"wp-block-column is-layout-flow wp-block-column-is-layout-flow\"><p><\/p>\n<figure class=\"wp-block-image size-large\"><img loading=\"lazy\" decoding=\"async\" width=\"711\" height=\"1024\" src=\"https:\/\/sinergos.org\/wp-content\/uploads\/2020\/08\/Screenshot_20200817-120716_2-711x1024.png\" alt=\"Revista Grada festival tierras en danza\" class=\"wp-image-647\" srcset=\"https:\/\/sinergos.org\/wp-content\/uploads\/2020\/08\/Screenshot_20200817-120716_2-711x1024.png 711w, https:\/\/sinergos.org\/wp-content\/uploads\/2020\/08\/Screenshot_20200817-120716_2-208x300.png 208w, https:\/\/sinergos.org\/wp-content\/uploads\/2020\/08\/Screenshot_20200817-120716_2-768x1106.png 768w, https:\/\/sinergos.org\/wp-content\/uploads\/2020\/08\/Screenshot_20200817-120716_2-1067x1536.png 1067w, https:\/\/sinergos.org\/wp-content\/uploads\/2020\/08\/Screenshot_20200817-120716_2.png 1080w\" sizes=\"(max-width: 711px) 100vw, 711px\" \/><p><\/p>\n<figcaption><a href=\"https:\/\/www.grada.es\/la-danza-contemporanea-inunda-banos-de-montemayor-y-guijo-de-granadilla-con-el-festival-tierras-en-danza\/cultura\/mas-cultura\/\" target=\"_blank\" rel=\"noreferrer noopener\">Revista Grada<\/a><\/figcaption>\n<\/figure>\n<p><\/p><\/div>\n<p><\/p>\n<p><\/p>\n<div class=\"wp-block-column is-layout-flow wp-block-column-is-layout-flow\"><\/div>\n<p><\/p>\n<p><\/p>\n<div class=\"wp-block-column is-layout-flow wp-block-column-is-layout-flow\"><\/div>\n<p><\/p>\n<p><\/p>\n<div class=\"wp-block-column is-layout-flow wp-block-column-is-layout-flow\"><\/div>\n<p><\/p><\/div>\n<p><\/p>\n<p>\n<ul class=\"wp-block-social-links is-layout-flex wp-block-social-links-is-layout-flex\"><li class=\"wp-social-link wp-social-link-facebook  wp-block-social-link\"><a href=\"https:\/\/www.facebook.com\/ONGDSinergos\/\" class=\"wp-block-social-link-anchor\"><svg width=\"24\" height=\"24\" viewBox=\"0 0 24 24\" version=\"1.1\" xmlns=\"http:\/\/www.w3.org\/2000\/svg\" aria-hidden=\"true\" focusable=\"false\"><path d=\"M12 2C6.5 2 2 6.5 2 12c0 5 3.7 9.1 8.4 9.9v-7H7.9V12h2.5V9.8c0-2.5 1.5-3.9 3.8-3.9 1.1 0 2.2.2 2.2.2v2.5h-1.3c-1.2 0-1.6.8-1.6 1.6V12h2.8l-.4 2.9h-2.3v7C18.3 21.1 22 17 22 12c0-5.5-4.5-10-10-10z\"><\/path><\/svg><span class=\"wp-block-social-link-label screen-reader-text\">Facebook<\/span><\/a><\/li>\n\n<li class=\"wp-social-link wp-social-link-twitter  wp-block-social-link\"><a href=\"https:\/\/twitter.com\/dsinergos\" class=\"wp-block-social-link-anchor\"><svg width=\"24\" height=\"24\" viewBox=\"0 0 24 24\" version=\"1.1\" xmlns=\"http:\/\/www.w3.org\/2000\/svg\" aria-hidden=\"true\" focusable=\"false\"><path d=\"M22.23,5.924c-0.736,0.326-1.527,0.547-2.357,0.646c0.847-0.508,1.498-1.312,1.804-2.27 c-0.793,0.47-1.671,0.812-2.606,0.996C18.324,4.498,17.257,4,16.077,4c-2.266,0-4.103,1.837-4.103,4.103 c0,0.322,0.036,0.635,0.106,0.935C8.67,8.867,5.647,7.234,3.623,4.751C3.27,5.357,3.067,6.062,3.067,6.814 c0,1.424,0.724,2.679,1.825,3.415c-0.673-0.021-1.305-0.206-1.859-0.513c0,0.017,0,0.034,0,0.052c0,1.988,1.414,3.647,3.292,4.023 c-0.344,0.094-0.707,0.144-1.081,0.144c-0.264,0-0.521-0.026-0.772-0.074c0.522,1.63,2.038,2.816,3.833,2.85 c-1.404,1.1-3.174,1.756-5.096,1.756c-0.331,0-0.658-0.019-0.979-0.057c1.816,1.164,3.973,1.843,6.29,1.843 c7.547,0,11.675-6.252,11.675-11.675c0-0.178-0.004-0.355-0.012-0.531C20.985,7.47,21.68,6.747,22.23,5.924z\"><\/path><\/svg><span class=\"wp-block-social-link-label screen-reader-text\">Twitter<\/span><\/a><\/li>\n\n<li class=\"wp-social-link wp-social-link-instagram  wp-block-social-link\"><a href=\"https:\/\/www.instagram.com\/ongdsinergos\/\" class=\"wp-block-social-link-anchor\"><svg width=\"24\" height=\"24\" viewBox=\"0 0 24 24\" version=\"1.1\" xmlns=\"http:\/\/www.w3.org\/2000\/svg\" aria-hidden=\"true\" focusable=\"false\"><path d=\"M12,4.622c2.403,0,2.688,0.009,3.637,0.052c0.877,0.04,1.354,0.187,1.671,0.31c0.42,0.163,0.72,0.358,1.035,0.673 c0.315,0.315,0.51,0.615,0.673,1.035c0.123,0.317,0.27,0.794,0.31,1.671c0.043,0.949,0.052,1.234,0.052,3.637 s-0.009,2.688-0.052,3.637c-0.04,0.877-0.187,1.354-0.31,1.671c-0.163,0.42-0.358,0.72-0.673,1.035 c-0.315,0.315-0.615,0.51-1.035,0.673c-0.317,0.123-0.794,0.27-1.671,0.31c-0.949,0.043-1.233,0.052-3.637,0.052 s-2.688-0.009-3.637-0.052c-0.877-0.04-1.354-0.187-1.671-0.31c-0.42-0.163-0.72-0.358-1.035-0.673 c-0.315-0.315-0.51-0.615-0.673-1.035c-0.123-0.317-0.27-0.794-0.31-1.671C4.631,14.688,4.622,14.403,4.622,12 s0.009-2.688,0.052-3.637c0.04-0.877,0.187-1.354,0.31-1.671c0.163-0.42,0.358-0.72,0.673-1.035 c0.315-0.315,0.615-0.51,1.035-0.673c0.317-0.123,0.794-0.27,1.671-0.31C9.312,4.631,9.597,4.622,12,4.622 M12,3 C9.556,3,9.249,3.01,8.289,3.054C7.331,3.098,6.677,3.25,6.105,3.472C5.513,3.702,5.011,4.01,4.511,4.511 c-0.5,0.5-0.808,1.002-1.038,1.594C3.25,6.677,3.098,7.331,3.054,8.289C3.01,9.249,3,9.556,3,12c0,2.444,0.01,2.751,0.054,3.711 c0.044,0.958,0.196,1.612,0.418,2.185c0.23,0.592,0.538,1.094,1.038,1.594c0.5,0.5,1.002,0.808,1.594,1.038 c0.572,0.222,1.227,0.375,2.185,0.418C9.249,20.99,9.556,21,12,21s2.751-0.01,3.711-0.054c0.958-0.044,1.612-0.196,2.185-0.418 c0.592-0.23,1.094-0.538,1.594-1.038c0.5-0.5,0.808-1.002,1.038-1.594c0.222-0.572,0.375-1.227,0.418-2.185 C20.99,14.751,21,14.444,21,12s-0.01-2.751-0.054-3.711c-0.044-0.958-0.196-1.612-0.418-2.185c-0.23-0.592-0.538-1.094-1.038-1.594 c-0.5-0.5-1.002-0.808-1.594-1.038c-0.572-0.222-1.227-0.375-2.185-0.418C14.751,3.01,14.444,3,12,3L12,3z M12,7.378 c-2.552,0-4.622,2.069-4.622,4.622S9.448,16.622,12,16.622s4.622-2.069,4.622-4.622S14.552,7.378,12,7.378z M12,15 c-1.657,0-3-1.343-3-3s1.343-3,3-3s3,1.343,3,3S13.657,15,12,15z M16.804,6.116c-0.596,0-1.08,0.484-1.08,1.08 s0.484,1.08,1.08,1.08c0.596,0,1.08-0.484,1.08-1.08S17.401,6.116,16.804,6.116z\"><\/path><\/svg><span class=\"wp-block-social-link-label screen-reader-text\">Instagram<\/span><\/a><\/li>\n\n<\/ul>\n<\/p>\t\t\t\t\t\t\t\t<\/div>\n\t\t\t\t<\/div>\n\t\t\t\t\t<\/div>\n\t\t<\/div>\n\t\t\t\t\t<\/div>\n\t\t<\/section>\n\t\t\t\t<section class=\"elementor-section elementor-top-section elementor-element elementor-element-b682da9 elementor-section-boxed elementor-section-height-default elementor-section-height-default\" data-id=\"b682da9\" data-element_type=\"section\" data-e-type=\"section\">\n\t\t\t\t\t\t<div class=\"elementor-container elementor-column-gap-default\">\n\t\t\t\t\t<div class=\"elementor-column elementor-col-100 elementor-top-column elementor-element elementor-element-f108288\" data-id=\"f108288\" data-element_type=\"column\" data-e-type=\"column\">\n\t\t\t<div class=\"elementor-widget-wrap elementor-element-populated\">\n\t\t\t\t\t\t<div class=\"elementor-element elementor-element-c0fecb0 elementor-widget elementor-widget-spacer\" data-id=\"c0fecb0\" data-element_type=\"widget\" data-e-type=\"widget\" data-widget_type=\"spacer.default\">\n\t\t\t\t<div class=\"elementor-widget-container\">\n\t\t\t\t\t\t\t<div class=\"elementor-spacer\">\n\t\t\t<div class=\"elementor-spacer-inner\"><\/div>\n\t\t<\/div>\n\t\t\t\t\t\t<\/div>\n\t\t\t\t<\/div>\n\t\t\t\t\t<\/div>\n\t\t<\/div>\n\t\t\t\t\t<\/div>\n\t\t<\/section>\n\t\t\t\t<section class=\"elementor-section elementor-top-section elementor-element elementor-element-c9f4969 elementor-section-boxed elementor-section-height-default elementor-section-height-default\" data-id=\"c9f4969\" data-element_type=\"section\" data-e-type=\"section\" data-settings=\"{&quot;background_background&quot;:&quot;classic&quot;}\">\n\t\t\t\t\t\t<div class=\"elementor-container elementor-column-gap-default\">\n\t\t\t\t\t<div class=\"elementor-column elementor-col-50 elementor-top-column elementor-element elementor-element-b7410c1\" data-id=\"b7410c1\" data-element_type=\"column\" data-e-type=\"column\">\n\t\t\t<div class=\"elementor-widget-wrap elementor-element-populated\">\n\t\t\t\t\t\t<div class=\"elementor-element elementor-element-5dceb04 elementor-align-center elementor-widget elementor-widget-button\" data-id=\"5dceb04\" data-element_type=\"widget\" data-e-type=\"widget\" data-widget_type=\"button.default\">\n\t\t\t\t<div class=\"elementor-widget-container\">\n\t\t\t\t\t\t\t\t\t<div class=\"elementor-button-wrapper\">\n\t\t\t\t\t<a class=\"elementor-button elementor-button-link elementor-size-xs\" href=\"https:\/\/sinergos.org\/wp-content\/uploads\/2021\/07\/SINERGOS_Aviso_legal_cookies_analiticas.pdf\" target=\"_blank\">\n\t\t\t\t\t\t<span class=\"elementor-button-content-wrapper\">\n\t\t\t\t\t\t\t\t\t<span class=\"elementor-button-text\">AVISO LEGAL<\/span>\n\t\t\t\t\t<\/span>\n\t\t\t\t\t<\/a>\n\t\t\t\t<\/div>\n\t\t\t\t\t\t\t\t<\/div>\n\t\t\t\t<\/div>\n\t\t\t\t\t<\/div>\n\t\t<\/div>\n\t\t\t\t<div class=\"elementor-column elementor-col-50 elementor-top-column elementor-element elementor-element-7a38ed2\" data-id=\"7a38ed2\" data-element_type=\"column\" data-e-type=\"column\">\n\t\t\t<div class=\"elementor-widget-wrap elementor-element-populated\">\n\t\t\t\t\t\t<div class=\"elementor-element elementor-element-3b25c23 elementor-align-center elementor-widget elementor-widget-button\" data-id=\"3b25c23\" data-element_type=\"widget\" data-e-type=\"widget\" data-widget_type=\"button.default\">\n\t\t\t\t<div class=\"elementor-widget-container\">\n\t\t\t\t\t\t\t\t\t<div class=\"elementor-button-wrapper\">\n\t\t\t\t\t<a class=\"elementor-button elementor-button-link elementor-size-xs\" href=\"https:\/\/sinergos.org\/wp-content\/uploads\/2021\/07\/SINERGOS_Politica_de_PRIVACIDAD.pdf\" target=\"_blank\">\n\t\t\t\t\t\t<span class=\"elementor-button-content-wrapper\">\n\t\t\t\t\t\t\t\t\t<span class=\"elementor-button-text\">POL\u00cdTICA PRIVACIDAD<\/span>\n\t\t\t\t\t<\/span>\n\t\t\t\t\t<\/a>\n\t\t\t\t<\/div>\n\t\t\t\t\t\t\t\t<\/div>\n\t\t\t\t<\/div>\n\t\t\t\t\t<\/div>\n\t\t<\/div>\n\t\t\t\t\t<\/div>\n\t\t<\/section>\n\t\t\t\t<\/div>\n\t\t","protected":false},"excerpt":{"rendered":"<p>FOTOGRAF\u00cdAS REPERCUSI\u00d3N EN MEDIOS Y REDES SOCIALES AVISO LEGAL POL\u00cdTICA PRIVACIDAD<\/p>\n","protected":false},"author":2,"featured_media":0,"parent":0,"menu_order":0,"comment_status":"closed","ping_status":"closed","template":"","meta":{"_monsterinsights_skip_tracking":false,"_monsterinsights_sitenote_active":false,"_monsterinsights_sitenote_note":"","_monsterinsights_sitenote_category":0,"footnotes":""},"class_list":["post-636","page","type-page","status-publish"],"aioseo_notices":[],"_links":{"self":[{"href":"https:\/\/sinergos.org\/index.php\/wp-json\/wp\/v2\/pages\/636","targetHints":{"allow":["GET"]}}],"collection":[{"href":"https:\/\/sinergos.org\/index.php\/wp-json\/wp\/v2\/pages"}],"about":[{"href":"https:\/\/sinergos.org\/index.php\/wp-json\/wp\/v2\/types\/page"}],"author":[{"embeddable":true,"href":"https:\/\/sinergos.org\/index.php\/wp-json\/wp\/v2\/users\/2"}],"replies":[{"embeddable":true,"href":"https:\/\/sinergos.org\/index.php\/wp-json\/wp\/v2\/comments?post=636"}],"version-history":[{"count":12,"href":"https:\/\/sinergos.org\/index.php\/wp-json\/wp\/v2\/pages\/636\/revisions"}],"predecessor-version":[{"id":1804,"href":"https:\/\/sinergos.org\/index.php\/wp-json\/wp\/v2\/pages\/636\/revisions\/1804"}],"wp:attachment":[{"href":"https:\/\/sinergos.org\/index.php\/wp-json\/wp\/v2\/media?parent=636"}],"curies":[{"name":"wp","href":"https:\/\/api.w.org\/{rel}","templated":true}]}}